{"id":46837,"date":"2026-04-05T15:09:33","date_gmt":"2026-04-05T13:09:33","guid":{"rendered":"https:\/\/wolfleather.art\/?post_type=product&#038;p=46837"},"modified":"2026-04-05T15:11:02","modified_gmt":"2026-04-05T13:11:02","slug":"kozena-skraboska-6","status":"publish","type":"product","link":"https:\/\/wolfleather.art\/en\/product\/kozena-skraboska-6\/","title":{"rendered":"Leather scraper 6"},"content":{"rendered":"<div style=\"padding: 3.5em 2.5em 3em 4.5em; border-radius: 16px; margin-top: 0;\">\n<p style=\"font-size: 1.1em; line-height: 1.7; margin-bottom: 2.5em;\"><strong>Leather scraper 6<\/strong> - simple, smooth and clean classic. The wider shape with flowing curves and open look offers elegant coverage that looks very natural on the face.<\/p>\n<h3 style=\"color: #8b7355; border-bottom: 2px solid #8b7355; padding-bottom: 0.5em; margin-bottom: 2em;\">Soft silhouette and classic style<\/h3>\n<p style=\"line-height: 1.7; margin-bottom: 2em;\">The scraper sticks to the traditional, slightly rounded shape without sharp points or complex cut-outs. The top line smoothly follows the shape of the face and the open vents let the eyes fully stand out. The 1.5-2 mm thick calfskin gives the mask a light, supple and comfortable feel when worn on bare skin. A quick and stable fit is provided by the elastic band, which easily adjusts to the size of the head.<\/p>\n<h3 style=\"color: #8b7355; border-bottom: 2px solid #8b7355; padding-bottom: 0.5em; margin-bottom: 2em;\">Technical specifications<\/h3>\n<ul style=\"font-size: 1.05em; line-height: 1.6; margin-bottom: 2em;\">\n<li style=\"margin-bottom: 0.8em;\"><strong>Material:<\/strong> Veal skin<\/li>\n<li style=\"margin-bottom: 0.8em;\"><strong>Thickness:<\/strong> 1.5-2 mm<\/li>\n<li style=\"margin-bottom: 0.8em;\"><strong>Attachment:<\/strong> Around the head on the rubber<\/li>\n<li style=\"margin-bottom: 0.8em;\"><strong>Type:<\/strong> \u0160krabo\u0161ka<\/li>\n<\/ul>\n<\/div>","protected":false},"excerpt":{"rendered":"<p>Ko\u017een\u00e1 \u0161krabo\u0161ka 6 \u2013 jednoduch\u00e1, hladk\u00e1 a \u010dist\u00e1 klasika. \u0160ir\u0161\u00ed tvar s plynul\u00fdmi k\u0159ivkami a otev\u0159en\u00fdm pohledem nab\u00edz\u00ed elegantn\u00ed zakryt\u00ed, kter\u00e9 na obli\u010deji p\u016fsob\u00ed velmi p\u0159irozen\u011b. M\u011bkk\u00e1 silueta a klasick\u00fd styl \u0160krabo\u0161ka se dr\u017e\u00ed tradi\u010dn\u00edho, lehce zaoblen\u00e9ho tvaru bez ostr\u00fdch hrot\u016f nebo slo\u017eit\u00fdch v\u00fd\u0159ez\u016f. Horn\u00ed linie plynule kop\u00edruje tvar obli\u010deje a otev\u0159en\u00e9 pr\u016fzory nech\u00e1vaj\u00ed o\u010di&#8230;<\/p>","protected":false},"featured_media":46838,"comment_status":"closed","ping_status":"closed","template":"","meta":{"_kad_blocks_custom_css":"","_kad_blocks_head_custom_js":"","_kad_blocks_body_custom_js":"","_kad_blocks_footer_custom_js":"","_kad_post_transparent":"default","_kad_post_title":"","_kad_post_layout":"default","_kad_post_sidebar_id":"","_kad_post_content_style":"default","_kad_post_vertical_padding":"default","_kad_post_feature":"","_kad_post_feature_position":"","_kad_post_header":false,"_kad_post_footer":false,"_kad_post_classname":""},"product_brand":[],"product_cat":[295],"product_tag":[],"class_list":{"0":"post-46837","1":"product","2":"type-product","3":"status-publish","4":"has-post-thumbnail","6":"product_cat-masky","7":"tm-no-options","9":"first","10":"onbackorder","11":"shipping-taxable","12":"purchasable","13":"product-type-simple","14":"entry","15":"content-bg","16":"loop-entry"},"taxonomy_info":{"product_cat":[{"value":295,"label":"Masky"}]},"featured_image_src_large":["https:\/\/wolfleather.art\/wp-content\/uploads\/2026\/04\/wolf-leather_lLgisMvz.webp",1024,1024,false],"author_info":[],"comment_info":0,"_links":{"self":[{"href":"https:\/\/wolfleather.art\/en\/wp-json\/wp\/v2\/product\/46837","targetHints":{"allow":["GET"]}}],"collection":[{"href":"https:\/\/wolfleather.art\/en\/wp-json\/wp\/v2\/product"}],"about":[{"href":"https:\/\/wolfleather.art\/en\/wp-json\/wp\/v2\/types\/product"}],"replies":[{"embeddable":true,"href":"https:\/\/wolfleather.art\/en\/wp-json\/wp\/v2\/comments?post=46837"}],"wp:featuredmedia":[{"embeddable":true,"href":"https:\/\/wolfleather.art\/en\/wp-json\/wp\/v2\/media\/46838"}],"wp:attachment":[{"href":"https:\/\/wolfleather.art\/en\/wp-json\/wp\/v2\/media?parent=46837"}],"wp:term":[{"taxonomy":"product_brand","embeddable":true,"href":"https:\/\/wolfleather.art\/en\/wp-json\/wp\/v2\/product_brand?post=46837"},{"taxonomy":"product_cat","embeddable":true,"href":"https:\/\/wolfleather.art\/en\/wp-json\/wp\/v2\/product_cat?post=46837"},{"taxonomy":"product_tag","embeddable":true,"href":"https:\/\/wolfleather.art\/en\/wp-json\/wp\/v2\/product_tag?post=46837"}],"curies":[{"name":"wp","href":"https:\/\/api.w.org\/{rel}","templated":true}]}}