{"id":46831,"date":"2026-04-05T14:49:35","date_gmt":"2026-04-05T12:49:35","guid":{"rendered":"https:\/\/wolfleather.art\/?post_type=product&#038;p=46831"},"modified":"2026-04-05T14:52:14","modified_gmt":"2026-04-05T12:52:14","slug":"kozena-skraboska-3","status":"publish","type":"product","link":"https:\/\/wolfleather.art\/en\/product\/kozena-skraboska-3\/","title":{"rendered":"Leather scraper 3"},"content":{"rendered":"<div style=\"padding: 3.5em 2.5em 3em 4.5em; border-radius: 16px; margin-top: 0;\">\n<p style=\"font-size: 1.1em; line-height: 1.7; margin-bottom: 2.5em;\"><strong>Leather scraper 3<\/strong> - a sharper version with a clean, confident expression. The open eyeholes and higher tips in the topline give it a more pronounced silhouette than the softer models.<\/p>\n<h3 style=\"color: #8b7355; border-bottom: 2px solid #8b7355; padding-bottom: 0.5em; margin-bottom: 2em;\">Classic shape with horned accent<\/h3>\n<p style=\"line-height: 1.7; margin-bottom: 2em;\">The scrunchie is shaped around the eyes to leave the gaze completely unobstructed, while the top line rises into two more pronounced tips resembling horns. Compared to the more subtle versions, it looks more straightforward, graphic and slightly more predatory. The 1.5-2 mm thick calfskin is light, comfortable and adapts well to the face, while the elasticated fit around the head ensures a stable and easy wearing.<\/p>\n<h3 style=\"color: #8b7355; border-bottom: 2px solid #8b7355; padding-bottom: 0.5em; margin-bottom: 2em;\">Technical specifications<\/h3>\n<ul style=\"font-size: 1.05em; line-height: 1.6; margin-bottom: 2em;\">\n<li style=\"margin-bottom: 0.8em;\"><strong>Material:<\/strong> Veal skin<\/li>\n<li style=\"margin-bottom: 0.8em;\"><strong>Thickness:<\/strong> 1.5-2 mm<\/li>\n<li style=\"margin-bottom: 0.8em;\"><strong>Attachment:<\/strong> Around the head on the rubber<\/li>\n<li style=\"margin-bottom: 0.8em;\"><strong>Type:<\/strong> \u0160krabo\u0161ka<\/li>\n<\/ul>\n<\/div>","protected":false},"excerpt":{"rendered":"<p>Ko\u017een\u00e1 \u0161krabo\u0161ka 3 \u2013 ost\u0159ej\u0161\u00ed varianta s \u010dist\u00fdm, sebev\u011bdom\u00fdm v\u00fdrazem. Otev\u0159en\u00e9 pr\u016fzory pro o\u010di a vy\u0161\u0161\u00ed \u0161pi\u010dky v horn\u00ed linii j\u00ed d\u00e1vaj\u00ed v\u00fdrazn\u011bj\u0161\u00ed siluetu ne\u017e jemn\u011bj\u0161\u00ed modely. Klasick\u00fd tvar s rohat\u00fdm akcentem \u0160krabo\u0161ka je tvarovan\u00e1 kolem o\u010d\u00ed tak, aby nech\u00e1vala pohled zcela voln\u00fd, zat\u00edmco horn\u00ed linie se zved\u00e1 do dvou v\u00fdrazn\u011bj\u0161\u00edch \u0161pi\u010dek p\u0159ipom\u00ednaj\u00edc\u00edch r\u016f\u017eky. Oproti&#8230;<\/p>","protected":false},"featured_media":46832,"comment_status":"closed","ping_status":"closed","template":"","meta":{"_kad_blocks_custom_css":"","_kad_blocks_head_custom_js":"","_kad_blocks_body_custom_js":"","_kad_blocks_footer_custom_js":"","_kad_post_transparent":"default","_kad_post_title":"","_kad_post_layout":"default","_kad_post_sidebar_id":"","_kad_post_content_style":"default","_kad_post_vertical_padding":"default","_kad_post_feature":"","_kad_post_feature_position":"","_kad_post_header":false,"_kad_post_footer":false,"_kad_post_classname":""},"product_brand":[],"product_cat":[295],"product_tag":[],"class_list":{"0":"post-46831","1":"product","2":"type-product","3":"status-publish","4":"has-post-thumbnail","6":"product_cat-masky","7":"tm-no-options","9":"first","10":"onbackorder","11":"shipping-taxable","12":"purchasable","13":"product-type-simple","14":"entry","15":"content-bg","16":"loop-entry"},"taxonomy_info":{"product_cat":[{"value":295,"label":"Masky"}]},"featured_image_src_large":["https:\/\/wolfleather.art\/wp-content\/uploads\/2026\/04\/wolf-leather_Vaul6CWg.webp",1024,1024,false],"author_info":[],"comment_info":0,"_links":{"self":[{"href":"https:\/\/wolfleather.art\/en\/wp-json\/wp\/v2\/product\/46831","targetHints":{"allow":["GET"]}}],"collection":[{"href":"https:\/\/wolfleather.art\/en\/wp-json\/wp\/v2\/product"}],"about":[{"href":"https:\/\/wolfleather.art\/en\/wp-json\/wp\/v2\/types\/product"}],"replies":[{"embeddable":true,"href":"https:\/\/wolfleather.art\/en\/wp-json\/wp\/v2\/comments?post=46831"}],"wp:featuredmedia":[{"embeddable":true,"href":"https:\/\/wolfleather.art\/en\/wp-json\/wp\/v2\/media\/46832"}],"wp:attachment":[{"href":"https:\/\/wolfleather.art\/en\/wp-json\/wp\/v2\/media?parent=46831"}],"wp:term":[{"taxonomy":"product_brand","embeddable":true,"href":"https:\/\/wolfleather.art\/en\/wp-json\/wp\/v2\/product_brand?post=46831"},{"taxonomy":"product_cat","embeddable":true,"href":"https:\/\/wolfleather.art\/en\/wp-json\/wp\/v2\/product_cat?post=46831"},{"taxonomy":"product_tag","embeddable":true,"href":"https:\/\/wolfleather.art\/en\/wp-json\/wp\/v2\/product_tag?post=46831"}],"curies":[{"name":"wp","href":"https:\/\/api.w.org\/{rel}","templated":true}]}}