{"id":46825,"date":"2026-04-05T14:42:31","date_gmt":"2026-04-05T12:42:31","guid":{"rendered":"https:\/\/wolfleather.art\/?post_type=product&#038;p=46825"},"modified":"2026-04-05T14:43:32","modified_gmt":"2026-04-05T12:43:32","slug":"kozena-maska-na-oci-8","status":"publish","type":"product","link":"https:\/\/wolfleather.art\/en\/product\/kozena-maska-na-oci-8\/","title":{"rendered":"Leather eye mask 8"},"content":{"rendered":"<div style=\"padding: 3.5em 2.5em 3em 4.5em; border-radius: 16px; margin-top: 0;\">\n<p style=\"font-size: 1.1em; line-height: 1.7; margin-bottom: 2.5em;\"><strong>Leather eye mask 8<\/strong> - smooth, wide and maximally focused on its function. This option builds on full eye coverage, clean lines and a comfortable fit on the face without unnecessary embellishments.<\/p>\n<h3 style=\"color: #8b7355; border-bottom: 2px solid #8b7355; padding-bottom: 0.5em; margin-bottom: 2em;\">Full coverage in a clean shape<\/h3>\n<p style=\"line-height: 1.7; margin-bottom: 2em;\">The wider face of the mask provides secure coverage of the eyes and thanks to the soft cut-out at the nose, it fits well even when worn for long periods of time. The smooth top line without pronounced spikes or decorative cut-outs looks calm, austere and versatile. The 1.5-2 mm thick calfskin leather is lightweight and supple, while the elasticated fit around the head ensures a quick on and comfortable hold.<\/p>\n<h3 style=\"color: #8b7355; border-bottom: 2px solid #8b7355; padding-bottom: 0.5em; margin-bottom: 2em;\">Technical specifications<\/h3>\n<ul style=\"font-size: 1.05em; line-height: 1.6; margin-bottom: 2em;\">\n<li style=\"margin-bottom: 0.8em;\"><strong>Material:<\/strong> Veal skin<\/li>\n<li style=\"margin-bottom: 0.8em;\"><strong>Thickness:<\/strong> 1.5-2 mm<\/li>\n<li style=\"margin-bottom: 0.8em;\"><strong>Attachment:<\/strong> Around the head on the rubber<\/li>\n<li style=\"margin-bottom: 0.8em;\"><strong>Type:<\/strong> Eye mask<\/li>\n<\/ul>\n<\/div>","protected":false},"excerpt":{"rendered":"<p>Ko\u017een\u00e1 maska na o\u010di 8 \u2013 hladk\u00e1, \u0161irok\u00e1 a maxim\u00e1ln\u011b soust\u0159ed\u011bn\u00e1 na svou funkci. Tato varianta stav\u00ed na pln\u00e9m zakryt\u00ed o\u010d\u00ed, \u010dist\u00e9 linii a pohodln\u00e9m usazen\u00ed na obli\u010deji bez zbyte\u010dn\u00fdch ozdob. Pln\u00e9 kryt\u00ed v \u010dist\u00e9m tvaru \u0160ir\u0161\u00ed plocha masky poskytuje jist\u00e9 zakryt\u00ed o\u010d\u00ed a d\u00edky m\u011bkk\u00e9mu vykrojen\u00ed u nosu dob\u0159e sed\u00ed i p\u0159i del\u0161\u00edm no\u0161en\u00ed&#8230;.<\/p>","protected":false},"featured_media":46826,"comment_status":"closed","ping_status":"closed","template":"","meta":{"_kad_blocks_custom_css":"","_kad_blocks_head_custom_js":"","_kad_blocks_body_custom_js":"","_kad_blocks_footer_custom_js":"","_kad_post_transparent":"default","_kad_post_title":"","_kad_post_layout":"default","_kad_post_sidebar_id":"","_kad_post_content_style":"default","_kad_post_vertical_padding":"default","_kad_post_feature":"","_kad_post_feature_position":"","_kad_post_header":false,"_kad_post_footer":false,"_kad_post_classname":""},"product_brand":[],"product_cat":[295],"product_tag":[],"class_list":{"0":"post-46825","1":"product","2":"type-product","3":"status-publish","4":"has-post-thumbnail","6":"product_cat-masky","7":"tm-no-options","9":"first","10":"onbackorder","11":"shipping-taxable","12":"purchasable","13":"product-type-simple","14":"entry","15":"content-bg","16":"loop-entry"},"taxonomy_info":{"product_cat":[{"value":295,"label":"Masky"}]},"featured_image_src_large":["https:\/\/wolfleather.art\/wp-content\/uploads\/2026\/04\/wolf-leather_vGkUKTBt.webp",1024,1024,false],"author_info":[],"comment_info":0,"_links":{"self":[{"href":"https:\/\/wolfleather.art\/en\/wp-json\/wp\/v2\/product\/46825","targetHints":{"allow":["GET"]}}],"collection":[{"href":"https:\/\/wolfleather.art\/en\/wp-json\/wp\/v2\/product"}],"about":[{"href":"https:\/\/wolfleather.art\/en\/wp-json\/wp\/v2\/types\/product"}],"replies":[{"embeddable":true,"href":"https:\/\/wolfleather.art\/en\/wp-json\/wp\/v2\/comments?post=46825"}],"wp:featuredmedia":[{"embeddable":true,"href":"https:\/\/wolfleather.art\/en\/wp-json\/wp\/v2\/media\/46826"}],"wp:attachment":[{"href":"https:\/\/wolfleather.art\/en\/wp-json\/wp\/v2\/media?parent=46825"}],"wp:term":[{"taxonomy":"product_brand","embeddable":true,"href":"https:\/\/wolfleather.art\/en\/wp-json\/wp\/v2\/product_brand?post=46825"},{"taxonomy":"product_cat","embeddable":true,"href":"https:\/\/wolfleather.art\/en\/wp-json\/wp\/v2\/product_cat?post=46825"},{"taxonomy":"product_tag","embeddable":true,"href":"https:\/\/wolfleather.art\/en\/wp-json\/wp\/v2\/product_tag?post=46825"}],"curies":[{"name":"wp","href":"https:\/\/api.w.org\/{rel}","templated":true}]}}