{"id":46823,"date":"2026-04-05T14:39:09","date_gmt":"2026-04-05T12:39:09","guid":{"rendered":"https:\/\/wolfleather.art\/?post_type=product&#038;p=46823"},"modified":"2026-04-05T14:42:12","modified_gmt":"2026-04-05T12:42:12","slug":"kozena-maska-na-oci-7","status":"publish","type":"product","link":"https:\/\/wolfleather.art\/en\/product\/kozena-maska-na-oci-7\/","title":{"rendered":"Leather eye mask 7"},"content":{"rendered":"<div style=\"padding: 3.5em 2.5em 3em 4.5em; border-radius: 16px; margin-top: 0;\">\n<p style=\"font-size: 1.1em; line-height: 1.7; margin-bottom: 2.5em;\"><strong>Leather eye mask 7<\/strong> - pure variant with horns. The smooth base is complemented by a pair of higher tips that give the mask a playful but still austere character.<\/p>\n<h3 style=\"color: #8b7355; border-bottom: 2px solid #8b7355; padding-bottom: 0.5em; margin-bottom: 2em;\">Simple shape with a wilder accent<\/h3>\n<p style=\"line-height: 1.7; margin-bottom: 2em;\">The mask covers the eyes in full width and builds on a smooth, compact silhouette, which is interrupted at the top by two sharper tips resembling corneas. Compared to the softer versions, it looks more straightforward and graphic. The 1.5-2 mm thick calfskin ensures lightness, comfort and pleasant suppleness, while the elasticated fit around the head holds the mask securely in place.<\/p>\n<h3 style=\"color: #8b7355; border-bottom: 2px solid #8b7355; padding-bottom: 0.5em; margin-bottom: 2em;\">Technical specifications<\/h3>\n<ul style=\"font-size: 1.05em; line-height: 1.6; margin-bottom: 2em;\">\n<li style=\"margin-bottom: 0.8em;\"><strong>Material:<\/strong> Veal skin<\/li>\n<li style=\"margin-bottom: 0.8em;\"><strong>Thickness:<\/strong> 1.5-2 mm<\/li>\n<li style=\"margin-bottom: 0.8em;\"><strong>Attachment:<\/strong> Around the head on the rubber<\/li>\n<li style=\"margin-bottom: 0.8em;\"><strong>Type:<\/strong> Eye mask<\/li>\n<\/ul>\n<\/div>","protected":false},"excerpt":{"rendered":"<p>Ko\u017een\u00e1 maska na o\u010di 7 \u2013 \u010dist\u00e1 varianta s r\u016f\u017eky. Hladk\u00e1 z\u00e1kladn\u00ed plocha je dopln\u011bn\u00e1 dvojic\u00ed vy\u0161\u0161\u00edch \u0161pi\u010dek, kter\u00e9 masce d\u00e1vaj\u00ed hrav\u00fd, ale st\u00e1le stroh\u00fd charakter. Jednoduch\u00fd tvar s divo\u010dej\u0161\u00edm akcentem Maska kryje o\u010di v pln\u00e9 \u0161\u00ed\u0159ce a stav\u00ed na hladk\u00e9, kompaktn\u00ed siluet\u011b, kterou naho\u0159e naru\u0161uj\u00ed dv\u011b ost\u0159ej\u0161\u00ed \u0161pi\u010dky p\u0159ipom\u00ednaj\u00edc\u00ed r\u016f\u017eky. Oproti m\u011bk\u010deji tvarovan\u00fdm variant\u00e1m&#8230;<\/p>","protected":false},"featured_media":46824,"comment_status":"closed","ping_status":"closed","template":"","meta":{"_kad_blocks_custom_css":"","_kad_blocks_head_custom_js":"","_kad_blocks_body_custom_js":"","_kad_blocks_footer_custom_js":"","_kad_post_transparent":"default","_kad_post_title":"","_kad_post_layout":"default","_kad_post_sidebar_id":"","_kad_post_content_style":"default","_kad_post_vertical_padding":"default","_kad_post_feature":"","_kad_post_feature_position":"","_kad_post_header":false,"_kad_post_footer":false,"_kad_post_classname":""},"product_brand":[],"product_cat":[295],"product_tag":[],"class_list":{"0":"post-46823","1":"product","2":"type-product","3":"status-publish","4":"has-post-thumbnail","6":"product_cat-masky","7":"tm-no-options","9":"first","10":"onbackorder","11":"shipping-taxable","12":"purchasable","13":"product-type-simple","14":"entry","15":"content-bg","16":"loop-entry"},"taxonomy_info":{"product_cat":[{"value":295,"label":"Masky"}]},"featured_image_src_large":["https:\/\/wolfleather.art\/wp-content\/uploads\/2026\/04\/wolf-leather_HuMYUldN.webp",1024,1024,false],"author_info":[],"comment_info":0,"_links":{"self":[{"href":"https:\/\/wolfleather.art\/en\/wp-json\/wp\/v2\/product\/46823","targetHints":{"allow":["GET"]}}],"collection":[{"href":"https:\/\/wolfleather.art\/en\/wp-json\/wp\/v2\/product"}],"about":[{"href":"https:\/\/wolfleather.art\/en\/wp-json\/wp\/v2\/types\/product"}],"replies":[{"embeddable":true,"href":"https:\/\/wolfleather.art\/en\/wp-json\/wp\/v2\/comments?post=46823"}],"wp:featuredmedia":[{"embeddable":true,"href":"https:\/\/wolfleather.art\/en\/wp-json\/wp\/v2\/media\/46824"}],"wp:attachment":[{"href":"https:\/\/wolfleather.art\/en\/wp-json\/wp\/v2\/media?parent=46823"}],"wp:term":[{"taxonomy":"product_brand","embeddable":true,"href":"https:\/\/wolfleather.art\/en\/wp-json\/wp\/v2\/product_brand?post=46823"},{"taxonomy":"product_cat","embeddable":true,"href":"https:\/\/wolfleather.art\/en\/wp-json\/wp\/v2\/product_cat?post=46823"},{"taxonomy":"product_tag","embeddable":true,"href":"https:\/\/wolfleather.art\/en\/wp-json\/wp\/v2\/product_tag?post=46823"}],"curies":[{"name":"wp","href":"https:\/\/api.w.org\/{rel}","templated":true}]}}