{"id":46815,"date":"2026-04-05T14:28:30","date_gmt":"2026-04-05T12:28:30","guid":{"rendered":"https:\/\/wolfleather.art\/?post_type=product&#038;p=46815"},"modified":"2026-04-05T14:37:04","modified_gmt":"2026-04-05T12:37:04","slug":"kozena-maska-na-oci-3","status":"publish","type":"product","link":"https:\/\/wolfleather.art\/en\/product\/kozena-maska-na-oci-3\/","title":{"rendered":"Leather eye mask 3"},"content":{"rendered":"<div style=\"padding: 3.5em 2.5em 3em 4.5em; border-radius: 16px; margin-top: 0;\">\n<p style=\"font-size: 1.1em; line-height: 1.7; margin-bottom: 2.5em;\"><strong>Leather eye mask 3<\/strong> - A simple mask with a subtly playful feline accent. The clean shape is complemented by distinctive ear-like tips that make it look minimalistic but unmistakable.<\/p>\n<h3 style=\"color: #8b7355; border-bottom: 2px solid #8b7355; padding-bottom: 0.5em; margin-bottom: 2em;\">Lightweight form with character<\/h3>\n<p style=\"line-height: 1.7; margin-bottom: 2em;\">The mask covers the eyes in full width and is based on a smooth basic silhouette, which is enlivened by a top line with a pair of stylized ears. The 1.5-2 mm thick calfskin gives it lightness, pleasant suppleness and comfort when worn. The elasticated fit around the head ensures easy donning and a stable hold in place.<\/p>\n<h3 style=\"color: #8b7355; border-bottom: 2px solid #8b7355; padding-bottom: 0.5em; margin-bottom: 2em;\">Technical specifications<\/h3>\n<ul style=\"font-size: 1.05em; line-height: 1.6; margin-bottom: 2em;\">\n<li style=\"margin-bottom: 0.8em;\"><strong>Material:<\/strong> Veal skin<\/li>\n<li style=\"margin-bottom: 0.8em;\"><strong>Thickness:<\/strong> 1.5-2 mm<\/li>\n<li style=\"margin-bottom: 0.8em;\"><strong>Attachment:<\/strong> Around the head on the rubber<\/li>\n<li style=\"margin-bottom: 0.8em;\"><strong>Type:<\/strong> Eye mask<\/li>\n<\/ul>\n<\/div>","protected":false},"excerpt":{"rendered":"<p>Ko\u017een\u00e1 maska na o\u010di 3 \u2013 jednoduch\u00e1 maska s jemn\u011b hrav\u00fdm ko\u010di\u010d\u00edm akcentem. \u010cist\u00fd tvar dopl\u0148uj\u00ed v\u00fdrazn\u00e9 \u0161pi\u010dky p\u0159ipom\u00ednaj\u00edc\u00ed u\u0161i, d\u00edky kter\u00fdm p\u016fsob\u00ed minimalisticky, ale nezam\u011bniteln\u011b. Lehk\u00e1 forma s charakterem Maska zakr\u00fdv\u00e1 o\u010di v pln\u00e9 \u0161\u00ed\u0159ce a vych\u00e1z\u00ed z hladk\u00e9 z\u00e1kladn\u00ed siluety, kterou o\u017eivuje horn\u00ed linie s dvojic\u00ed stylizovan\u00fdch u\u0161\u00ed. Telec\u00ed k\u016f\u017ee o tlou\u0161\u0165ce 1,5\u20132&#8230;<\/p>","protected":false},"featured_media":46816,"comment_status":"closed","ping_status":"closed","template":"","meta":{"_kad_blocks_custom_css":"","_kad_blocks_head_custom_js":"","_kad_blocks_body_custom_js":"","_kad_blocks_footer_custom_js":"","_kad_post_transparent":"default","_kad_post_title":"","_kad_post_layout":"default","_kad_post_sidebar_id":"","_kad_post_content_style":"default","_kad_post_vertical_padding":"default","_kad_post_feature":"","_kad_post_feature_position":"","_kad_post_header":false,"_kad_post_footer":false,"_kad_post_classname":""},"product_brand":[],"product_cat":[295],"product_tag":[],"class_list":{"0":"post-46815","1":"product","2":"type-product","3":"status-publish","4":"has-post-thumbnail","6":"product_cat-masky","7":"tm-no-options","9":"first","10":"onbackorder","11":"shipping-taxable","12":"purchasable","13":"product-type-simple","14":"entry","15":"content-bg","16":"loop-entry"},"taxonomy_info":{"product_cat":[{"value":295,"label":"Masky"}]},"featured_image_src_large":["https:\/\/wolfleather.art\/wp-content\/uploads\/2026\/04\/wolf-leather_3perCvMS.webp",1024,1024,false],"author_info":[],"comment_info":0,"_links":{"self":[{"href":"https:\/\/wolfleather.art\/en\/wp-json\/wp\/v2\/product\/46815","targetHints":{"allow":["GET"]}}],"collection":[{"href":"https:\/\/wolfleather.art\/en\/wp-json\/wp\/v2\/product"}],"about":[{"href":"https:\/\/wolfleather.art\/en\/wp-json\/wp\/v2\/types\/product"}],"replies":[{"embeddable":true,"href":"https:\/\/wolfleather.art\/en\/wp-json\/wp\/v2\/comments?post=46815"}],"wp:featuredmedia":[{"embeddable":true,"href":"https:\/\/wolfleather.art\/en\/wp-json\/wp\/v2\/media\/46816"}],"wp:attachment":[{"href":"https:\/\/wolfleather.art\/en\/wp-json\/wp\/v2\/media?parent=46815"}],"wp:term":[{"taxonomy":"product_brand","embeddable":true,"href":"https:\/\/wolfleather.art\/en\/wp-json\/wp\/v2\/product_brand?post=46815"},{"taxonomy":"product_cat","embeddable":true,"href":"https:\/\/wolfleather.art\/en\/wp-json\/wp\/v2\/product_cat?post=46815"},{"taxonomy":"product_tag","embeddable":true,"href":"https:\/\/wolfleather.art\/en\/wp-json\/wp\/v2\/product_tag?post=46815"}],"curies":[{"name":"wp","href":"https:\/\/api.w.org\/{rel}","templated":true}]}}