{"id":44840,"date":"2025-09-25T21:45:00","date_gmt":"2025-09-25T19:45:00","guid":{"rendered":"https:\/\/wolfleather.art\/?post_type=product&#038;p=44840"},"modified":"2026-03-08T15:21:03","modified_gmt":"2026-03-08T14:21:03","slug":"bdsm-placacka-medvidek","status":"publish","type":"product","link":"https:\/\/wolfleather.art\/en\/product\/bdsm-placacka-medvidek\/","title":{"rendered":"Leather spanking paddle Bear"},"content":{"rendered":"<div style=\"padding: 3.5em 2.5em 3em 4.5em; border-radius: 16px; margin-top: 0;\">\n<p style=\"font-size: 1.1em; line-height: 1.7; margin-bottom: 2.5em;\">Who said BDSM always has to be deadly serious? <strong>Teddy Bear Slapper<\/strong> brings smiles and hyperbole to the game - but the impact is very real. The cuteness and dominance of solid cowhide.<\/p>\n<h3 style=\"color: #8b7355; border-bottom: 2px solid #8b7355; padding-bottom: 0.5em; margin-bottom: 2em;\">Playfulness with full power<\/h3>\n<p style=\"line-height: 1.7; margin-bottom: 2em;\">Two layers of solid 8 mm thick cowhide ensure that behind the cute motif is a real instrument - the sound on impact is distinctive and the feel unmistakable. The slapper's 15.5 cm surface area and 12.5 cm width give each swing enough surface area for a full experience. The hardened 11 cm handle sits firmly in the palm of the hand and gives the dominator full control - even with a smile on his face.<\/p>\n<h3 style=\"color: #8b7355; border-bottom: 2px solid #8b7355; padding-bottom: 0.5em; margin-bottom: 2em;\">Technical specifications<\/h3>\n<ul style=\"font-size: 1.05em; line-height: 1.6; margin-bottom: 2em;\">\n<li style=\"margin-bottom: 0.8em;\"><strong>Material:<\/strong> Two layers of cowhide (~8 mm thickness)<\/li>\n<li style=\"margin-bottom: 0.8em;\"><strong>Total length:<\/strong> ~26,5 cm<\/li>\n<li style=\"margin-bottom: 0.8em;\"><strong>Width:<\/strong> 12,5 cm<\/li>\n<li style=\"margin-bottom: 0.8em;\"><strong>Slicer area:<\/strong> 15,5 cm<\/li>\n<li style=\"margin-bottom: 0.8em;\"><strong>Handle:<\/strong> 11 cm, cured<\/li>\n<li style=\"margin-bottom: 0.8em;\"><strong>Design:<\/strong> Original motif of a teddy bear in a harness<\/li>\n<\/ul>\n<h3 style=\"color: #8b7355; border-bottom: 2px solid #8b7355; padding-bottom: 0.5em; margin-bottom: 2em;\">Pain assessment<\/h3>\n<p style=\"line-height: 1.7; margin-bottom: 0;\">3\/5<\/p>\n<\/div>","protected":false},"excerpt":{"rendered":"<p>Kdo \u0159ekl, \u017ee BDSM mus\u00ed b\u00fdt v\u017edy smrteln\u011b v\u00e1\u017en\u00e9? Pl\u00e1ca\u010dka Medv\u00eddek p\u0159in\u00e1\u0161\u00ed do hry \u00fasm\u011bv a nads\u00e1zku \u2013 ale ten dopad je naprosto re\u00e1ln\u00fd. Roztomilost a dominance z pevn\u00e9 hov\u011bz\u00ed k\u016f\u017ee. Hravost s pln\u00fdm v\u00fdkonem Dv\u011b vrstvy pevn\u00e9 hov\u011bz\u00ed k\u016f\u017ee o tlou\u0161\u0165ce 8 mm zaji\u0161\u0165uj\u00ed, \u017ee za roztomil\u00fdm motivem se skr\u00fdv\u00e1 opravdov\u00fd n\u00e1stroj \u2013 zvuk&#8230;<\/p>","protected":false},"featured_media":45922,"comment_status":"open","ping_status":"closed","template":"","meta":{"_kad_blocks_custom_css":"","_kad_blocks_head_custom_js":"","_kad_blocks_body_custom_js":"","_kad_blocks_footer_custom_js":"","_kad_post_transparent":"default","_kad_post_title":"","_kad_post_layout":"default","_kad_post_sidebar_id":"","_kad_post_content_style":"default","_kad_post_vertical_padding":"default","_kad_post_feature":"","_kad_post_feature_position":"","_kad_post_header":false,"_kad_post_footer":false,"_kad_post_classname":""},"product_brand":[],"product_cat":[291],"product_tag":[],"class_list":{"0":"post-44840","1":"product","2":"type-product","3":"status-publish","4":"has-post-thumbnail","6":"product_cat-spank","7":"tm-has-options","9":"first","10":"onbackorder","11":"shipping-taxable","12":"purchasable","13":"product-type-simple","14":"entry","15":"content-bg","16":"loop-entry"},"taxonomy_info":{"product_cat":[{"value":291,"label":"Spank"}]},"featured_image_src_large":["https:\/\/wolfleather.art\/wp-content\/uploads\/2026\/02\/Untitled-1_01.avif",1024,1024,false],"author_info":[],"comment_info":0,"_links":{"self":[{"href":"https:\/\/wolfleather.art\/en\/wp-json\/wp\/v2\/product\/44840","targetHints":{"allow":["GET"]}}],"collection":[{"href":"https:\/\/wolfleather.art\/en\/wp-json\/wp\/v2\/product"}],"about":[{"href":"https:\/\/wolfleather.art\/en\/wp-json\/wp\/v2\/types\/product"}],"replies":[{"embeddable":true,"href":"https:\/\/wolfleather.art\/en\/wp-json\/wp\/v2\/comments?post=44840"}],"wp:featuredmedia":[{"embeddable":true,"href":"https:\/\/wolfleather.art\/en\/wp-json\/wp\/v2\/media\/45922"}],"wp:attachment":[{"href":"https:\/\/wolfleather.art\/en\/wp-json\/wp\/v2\/media?parent=44840"}],"wp:term":[{"taxonomy":"product_brand","embeddable":true,"href":"https:\/\/wolfleather.art\/en\/wp-json\/wp\/v2\/product_brand?post=44840"},{"taxonomy":"product_cat","embeddable":true,"href":"https:\/\/wolfleather.art\/en\/wp-json\/wp\/v2\/product_cat?post=44840"},{"taxonomy":"product_tag","embeddable":true,"href":"https:\/\/wolfleather.art\/en\/wp-json\/wp\/v2\/product_tag?post=44840"}],"curies":[{"name":"wp","href":"https:\/\/api.w.org\/{rel}","templated":true}]}}