{"id":44688,"date":"2025-03-09T15:12:00","date_gmt":"2025-03-09T14:12:00","guid":{"rendered":"https:\/\/wolfleather.art\/?post_type=product&#038;p=44688"},"modified":"2026-03-08T15:14:20","modified_gmt":"2026-03-08T14:14:20","slug":"mini-tawse-hardcore","status":"publish","type":"product","link":"https:\/\/wolfleather.art\/en\/product\/mini-tawse-hardcore\/","title":{"rendered":"Hardcore Mini Tawse Leather Spanking Paddle"},"content":{"rendered":"<div style=\"padding: 3.5em 2.5em 3em 4.5em; border-radius: 16px; margin-top: 0;\">\n<p style=\"font-size: 1.1em; line-height: 1.7; margin-bottom: 2.5em;\"><strong>Hardcore Mini Tawse<\/strong> made of double layer premium leather - a compact instrument with maximum punch for experienced dominants who demand a truly intense experience. Seven metal rivets on each tongue take each stroke to a whole new level of hardness.<\/p>\n<h3 style=\"color: #8b7355; border-bottom: 2px solid #8b7355; padding-bottom: 0.5em; margin-bottom: 2em;\">Small format, maximum impact<\/h3>\n<p style=\"line-height: 1.7; margin-bottom: 2em;\">Two 17cm long tongues with 8mm double layer leather give each strike the weight and power needed - just what a skilled dominant needs to punish hard. The metal rivets on each tongue are not just an aesthetic feature, but actively enhance the feeling effect of each impact. The hardened 11 cm long handle ensures a stable grip and full control even during the most intense punishment. The slapper is hand stitched along its entire length.<\/p>\n<h3 style=\"color: #8b7355; border-bottom: 2px solid #8b7355; padding-bottom: 0.5em; margin-bottom: 2em;\">Technical specifications<\/h3>\n<ul style=\"font-size: 1.05em; line-height: 1.6; margin-bottom: 2em;\">\n<li style=\"margin-bottom: 0.8em;\"><strong>Material:<\/strong> Double layer of leather (8 mm thickness)<\/li>\n<li style=\"margin-bottom: 0.8em;\"><strong>Total length:<\/strong> 31 cm<\/li>\n<li style=\"margin-bottom: 0.8em;\"><strong>Width:<\/strong> 5 cm<\/li>\n<li style=\"margin-bottom: 0.8em;\"><strong>Length of tongues:<\/strong> 17 cm<\/li>\n<li style=\"margin-bottom: 0.8em;\"><strong>Handle:<\/strong> 11 cm, cured<\/li>\n<li style=\"margin-bottom: 0.8em;\"><strong>Metal rivets:<\/strong> 7 on each language<\/li>\n<\/ul>\n<h3 style=\"color: #8b7355; border-bottom: 2px solid #8b7355; padding-bottom: 0.5em; margin-bottom: 2em;\">Pain assessment<\/h3>\n<p style=\"line-height: 1.7; margin-bottom: 0;\">5\/5<\/p>\n<\/div>","protected":false},"excerpt":{"rendered":"<p>Hardcore Mini Tawse z dvojit\u00e9 vrstvy pr\u00e9miov\u00e9 k\u016f\u017ee \u2013 kompaktn\u00ed n\u00e1stroj s maxim\u00e1ln\u00ed razanc\u00ed pro zku\u0161en\u00e9 dominanty, kte\u0159\u00ed si \u017e\u00e1daj\u00ed skute\u010dn\u011b intenzivn\u00ed z\u00e1\u017eitek. Sedm kovov\u00fdch n\u00fdt\u016f na ka\u017ed\u00e9m jazyku posouv\u00e1 ka\u017ed\u00fd \u00fader na \u00fapln\u011b jinou \u00farove\u0148 tvrdosti. Mal\u00fd form\u00e1t, maxim\u00e1ln\u00ed dopad Dva jazyky o d\u00e9lce 17 cm s 8mm dvojitou vrstvou k\u016f\u017ee d\u00e1vaj\u00ed ka\u017ed\u00e9mu \u00faderu&#8230;<\/p>","protected":false},"featured_media":45890,"comment_status":"open","ping_status":"closed","template":"","meta":{"_kad_blocks_custom_css":"","_kad_blocks_head_custom_js":"","_kad_blocks_body_custom_js":"","_kad_blocks_footer_custom_js":"","_kad_post_transparent":"default","_kad_post_title":"","_kad_post_layout":"default","_kad_post_sidebar_id":"","_kad_post_content_style":"default","_kad_post_vertical_padding":"default","_kad_post_feature":"","_kad_post_feature_position":"","_kad_post_header":false,"_kad_post_footer":false,"_kad_post_classname":""},"product_brand":[],"product_cat":[291],"product_tag":[],"class_list":{"0":"post-44688","1":"product","2":"type-product","3":"status-publish","4":"has-post-thumbnail","6":"product_cat-spank","7":"tm-has-options","9":"first","10":"onbackorder","11":"shipping-taxable","12":"purchasable","13":"product-type-simple","14":"entry","15":"content-bg","16":"loop-entry"},"taxonomy_info":{"product_cat":[{"value":291,"label":"Spank"}]},"featured_image_src_large":["https:\/\/wolfleather.art\/wp-content\/uploads\/2026\/02\/IMG_5274.webp",1024,1024,false],"author_info":[],"comment_info":0,"_links":{"self":[{"href":"https:\/\/wolfleather.art\/en\/wp-json\/wp\/v2\/product\/44688","targetHints":{"allow":["GET"]}}],"collection":[{"href":"https:\/\/wolfleather.art\/en\/wp-json\/wp\/v2\/product"}],"about":[{"href":"https:\/\/wolfleather.art\/en\/wp-json\/wp\/v2\/types\/product"}],"replies":[{"embeddable":true,"href":"https:\/\/wolfleather.art\/en\/wp-json\/wp\/v2\/comments?post=44688"}],"wp:featuredmedia":[{"embeddable":true,"href":"https:\/\/wolfleather.art\/en\/wp-json\/wp\/v2\/media\/45890"}],"wp:attachment":[{"href":"https:\/\/wolfleather.art\/en\/wp-json\/wp\/v2\/media?parent=44688"}],"wp:term":[{"taxonomy":"product_brand","embeddable":true,"href":"https:\/\/wolfleather.art\/en\/wp-json\/wp\/v2\/product_brand?post=44688"},{"taxonomy":"product_cat","embeddable":true,"href":"https:\/\/wolfleather.art\/en\/wp-json\/wp\/v2\/product_cat?post=44688"},{"taxonomy":"product_tag","embeddable":true,"href":"https:\/\/wolfleather.art\/en\/wp-json\/wp\/v2\/product_tag?post=44688"}],"curies":[{"name":"wp","href":"https:\/\/api.w.org\/{rel}","templated":true}]}}