{"id":44528,"date":"2025-01-16T19:27:00","date_gmt":"2025-01-16T18:27:00","guid":{"rendered":"https:\/\/wolfleather.art\/?post_type=product&#038;p=44528"},"modified":"2026-04-02T18:15:45","modified_gmt":"2026-04-02T16:15:45","slug":"mini-tawse","status":"publish","type":"product","link":"https:\/\/wolfleather.art\/en\/product\/mini-tawse\/","title":{"rendered":"Mini Tawse leather spanking paddle"},"content":{"rendered":"<div style=\"padding: 3.5em 2.5em 3em 4.5em; border-radius: 16px; margin-top: 0;\">\n<p>This Mini Tawse leather spanking spanker made from premium Italian cowhide is a compact tool for lovers of raffish dominance that will meet the expectations of even the most demanding. The 7-8mm thickness and split ends ensure an intense experience with a visible response. This spanking spanker is made from one piece of premium Italian leather, sewn with a commercial sewing machine, with a professional stainless steel hanging crimp.<\/p>\n<p>A little spanking cry with a big effect<\/p>\n<p>The dimensions of 22 \u00d7 4.5 cm make this crying mat an ideal compromise between portability and efficiency. The split ends increase the intensity of the experience and create a characteristic effect. Ideal for travel or discreet use.<\/p>\n<\/div>","protected":false},"excerpt":{"rendered":"<p>Tato ko\u017een\u00e1 spankov\u00e1 pl\u00e1\u010da\u010dka Mini Tawse z pr\u00e9miov\u00e9 italsk\u00e9 hov\u011bz\u00ed k\u016f\u017ee je kompaktn\u00ed n\u00e1stroj pro milovn\u00edky raf\u00edn\u011b dominance, kter\u00fd spln\u00ed o\u010dek\u00e1v\u00e1n\u00ed i t\u011bch nejn\u00e1ro\u010dn\u011bj\u0161\u00edch. Tlou\u0161\u0165ka 7-8 mm a rozd\u011blen\u00e9 kon\u010de zaji\u0161\u0165uj\u00ed intenzivn\u00ed z\u00e1\u017eitek s viditelnou reakc\u00ed. Tato spankov\u00e1 pl\u00e1\u010da\u010dka je vyroben\u00e1 z jedn\u00e9ho kusu pr\u00e9miov\u00e9 italsk\u00e9 k\u016f\u017ee, \u0161it\u00e1 komer\u010dn\u00edm \u0161ic\u00edm strojem, s profesion\u00e1ln\u00edm z\u00e1v\u011bsn\u00fdm krouli\u010dkem&#8230;<\/p>","protected":false},"featured_media":45879,"comment_status":"open","ping_status":"closed","template":"","meta":{"_kad_blocks_custom_css":"","_kad_blocks_head_custom_js":"","_kad_blocks_body_custom_js":"","_kad_blocks_footer_custom_js":"","_kad_post_transparent":"default","_kad_post_title":"","_kad_post_layout":"default","_kad_post_sidebar_id":"","_kad_post_content_style":"default","_kad_post_vertical_padding":"default","_kad_post_feature":"","_kad_post_feature_position":"","_kad_post_header":false,"_kad_post_footer":false,"_kad_post_classname":""},"product_brand":[],"product_cat":[291],"product_tag":[],"class_list":{"0":"post-44528","1":"product","2":"type-product","3":"status-publish","4":"has-post-thumbnail","6":"product_cat-spank","7":"tm-has-options","9":"first","10":"onbackorder","11":"shipping-taxable","12":"purchasable","13":"product-type-simple","14":"entry","15":"content-bg","16":"loop-entry"},"taxonomy_info":{"product_cat":[{"value":291,"label":"Spank"}]},"featured_image_src_large":["https:\/\/wolfleather.art\/wp-content\/uploads\/2026\/02\/IMG_5060.png",1024,1024,false],"author_info":[],"comment_info":0,"_links":{"self":[{"href":"https:\/\/wolfleather.art\/en\/wp-json\/wp\/v2\/product\/44528","targetHints":{"allow":["GET"]}}],"collection":[{"href":"https:\/\/wolfleather.art\/en\/wp-json\/wp\/v2\/product"}],"about":[{"href":"https:\/\/wolfleather.art\/en\/wp-json\/wp\/v2\/types\/product"}],"replies":[{"embeddable":true,"href":"https:\/\/wolfleather.art\/en\/wp-json\/wp\/v2\/comments?post=44528"}],"wp:featuredmedia":[{"embeddable":true,"href":"https:\/\/wolfleather.art\/en\/wp-json\/wp\/v2\/media\/45879"}],"wp:attachment":[{"href":"https:\/\/wolfleather.art\/en\/wp-json\/wp\/v2\/media?parent=44528"}],"wp:term":[{"taxonomy":"product_brand","embeddable":true,"href":"https:\/\/wolfleather.art\/en\/wp-json\/wp\/v2\/product_brand?post=44528"},{"taxonomy":"product_cat","embeddable":true,"href":"https:\/\/wolfleather.art\/en\/wp-json\/wp\/v2\/product_cat?post=44528"},{"taxonomy":"product_tag","embeddable":true,"href":"https:\/\/wolfleather.art\/en\/wp-json\/wp\/v2\/product_tag?post=44528"}],"curies":[{"name":"wp","href":"https:\/\/api.w.org\/{rel}","templated":true}]}}