{"id":11878,"date":"2024-03-19T19:56:00","date_gmt":"2024-03-19T18:56:00","guid":{"rendered":"https:\/\/wolfleather.art\/?post_type=product&#038;p=11878"},"modified":"2026-04-02T16:59:19","modified_gmt":"2026-04-02T14:59:19","slug":"deluxe-maska-kralik-2","status":"publish","type":"product","link":"https:\/\/wolfleather.art\/en\/product\/deluxe-maska-kralik-2\/","title":{"rendered":"Leather Hair Clip - Deluxe - Rabbit Mask 2"},"content":{"rendered":"<div style=\"padding: 3.5em 2.5em 3em 4.5em; border-radius: 16px; margin-top: 0;\">\n<p style=\"font-size: 1.1em; line-height: 1.7; margin-bottom: 2.5em;\"><strong>Hair Clip - Deluxe Leather Hair Clip Rabbit Mask 2<\/strong> - the bolder and fuller sister of the first rabbit mask. A distinctive full rabbit mask with long ears laser-baked into premium cowhide in a shield-shaped Deluxe buckle for those who wear their bunny character to the fullest and without apology.<\/p>\n<h3 style=\"color: #8b7355; border-bottom: 2px solid #8b7355; padding-bottom: 0.5em; margin-bottom: 2em;\">Full mask, full character<\/h3>\n<p style=\"line-height: 1.7; margin-bottom: 2em;\">The shield-shaped Deluxe pin measuring 13 \u00d7 10 cm with a dark brown edge bears a laser engraved full rabbit mask motif - a sturdy symmetrical shape covering the entire face with distinctive long ears with an inner drawing and stylized eyeholes. Compared to the first version, this mask is flatter, thicker and more expressive, with an emphasis on the overall shape rather than the small details. The dark brown edge can be optionally machine or hand stitched, the fastening is provided by a French clasp or a 15 cm bamboo needle.<\/p>\n<h3 style=\"color: #8b7355; border-bottom: 2px solid #8b7355; padding-bottom: 0.5em; margin-bottom: 2em;\">Technical specifications<\/h3>\n<ul style=\"font-size: 1.05em; line-height: 1.6; margin-bottom: 2em;\">\n<li style=\"margin-bottom: 0.8em;\"><strong>Material:<\/strong> Cowhide (3 mm)<\/li>\n<li style=\"margin-bottom: 0.8em;\"><strong>Size:<\/strong> 13 \u00d7 10 cm<\/li>\n<li style=\"margin-bottom: 0.8em;\"><strong>Fastening:<\/strong> French clasp or bamboo needle (15 cm)<\/li>\n<li style=\"margin-bottom: 0.8em;\"><strong>Motive:<\/strong> Full rabbit mask - laser engraving<\/li>\n<li style=\"margin-bottom: 0.8em;\"><strong>Optional:<\/strong> Machine or hand stitching of the edge<\/li>\n<\/ul>\n<\/div>","protected":false},"excerpt":{"rendered":"<p>Spona do vlas\u016f \u2013 Ko\u017een\u00e1 spona Deluxe Maska kr\u00e1l\u00edk 2 \u2013 odv\u00e1\u017en\u011bj\u0161\u00ed a pln\u011bj\u0161\u00ed sestra prvn\u00ed kr\u00e1li\u010d\u00ed masky. V\u00fdrazn\u00e1 pln\u00e1 kr\u00e1li\u010d\u00ed maska s dlouh\u00fdmi u\u0161ima laserov\u011b vyp\u00e1len\u00e1 do pr\u00e9miov\u00e9 hov\u011bz\u00ed k\u016f\u017ee ve \u0161t\u00edtov\u00e9m tvaru Deluxe spony pro ty, kdo sv\u016fj bunny charakter nos\u00ed naplno a bez omluv. Pln\u00e1 maska, pln\u00fd charakter \u0160t\u00edtov\u00fd tvar Deluxe spony&#8230;<\/p>","protected":false},"featured_media":45750,"comment_status":"open","ping_status":"closed","template":"","meta":{"_kad_blocks_custom_css":"","_kad_blocks_head_custom_js":"","_kad_blocks_body_custom_js":"","_kad_blocks_footer_custom_js":"","_kad_post_transparent":"default","_kad_post_title":"","_kad_post_layout":"default","_kad_post_sidebar_id":"","_kad_post_content_style":"default","_kad_post_vertical_padding":"default","_kad_post_feature":"","_kad_post_feature_position":"","_kad_post_header":false,"_kad_post_footer":false,"_kad_post_classname":""},"product_brand":[],"product_cat":[297],"product_tag":[],"class_list":{"0":"post-11878","1":"product","2":"type-product","3":"status-publish","4":"has-post-thumbnail","6":"product_cat-spony-do-vlasu","7":"tm-has-options","9":"first","10":"onbackorder","11":"shipping-taxable","12":"purchasable","13":"product-type-simple","14":"entry","15":"content-bg","16":"loop-entry"},"taxonomy_info":{"product_cat":[{"value":297,"label":"Spony do vlas\u016f"}]},"featured_image_src_large":["https:\/\/wolfleather.art\/wp-content\/uploads\/2026\/02\/11.png",491,378,false],"author_info":[],"comment_info":0,"_links":{"self":[{"href":"https:\/\/wolfleather.art\/en\/wp-json\/wp\/v2\/product\/11878","targetHints":{"allow":["GET"]}}],"collection":[{"href":"https:\/\/wolfleather.art\/en\/wp-json\/wp\/v2\/product"}],"about":[{"href":"https:\/\/wolfleather.art\/en\/wp-json\/wp\/v2\/types\/product"}],"replies":[{"embeddable":true,"href":"https:\/\/wolfleather.art\/en\/wp-json\/wp\/v2\/comments?post=11878"}],"wp:featuredmedia":[{"embeddable":true,"href":"https:\/\/wolfleather.art\/en\/wp-json\/wp\/v2\/media\/45750"}],"wp:attachment":[{"href":"https:\/\/wolfleather.art\/en\/wp-json\/wp\/v2\/media?parent=11878"}],"wp:term":[{"taxonomy":"product_brand","embeddable":true,"href":"https:\/\/wolfleather.art\/en\/wp-json\/wp\/v2\/product_brand?post=11878"},{"taxonomy":"product_cat","embeddable":true,"href":"https:\/\/wolfleather.art\/en\/wp-json\/wp\/v2\/product_cat?post=11878"},{"taxonomy":"product_tag","embeddable":true,"href":"https:\/\/wolfleather.art\/en\/wp-json\/wp\/v2\/product_tag?post=11878"}],"curies":[{"name":"wp","href":"https:\/\/api.w.org\/{rel}","templated":true}]}}