{"id":11828,"date":"2024-03-19T19:49:00","date_gmt":"2024-03-19T18:49:00","guid":{"rendered":"https:\/\/wolfleather.art\/?post_type=product&#038;p=11828"},"modified":"2026-04-02T17:11:33","modified_gmt":"2026-04-02T15:11:33","slug":"deluxe-deprivacni-maska-1","status":"publish","type":"product","link":"https:\/\/wolfleather.art\/en\/product\/deluxe-deprivacni-maska-1\/","title":{"rendered":"Leather Hair Clip - Deluxe - Deprivation Mask 1"},"content":{"rendered":"<div style=\"padding: 3.5em 2.5em 3em 4.5em; border-radius: 16px; margin-top: 0;\">\n<p style=\"font-size: 1.1em; line-height: 1.7; margin-bottom: 2.5em;\"><strong>Hair Clip - Deluxe Leather Hair Clip Deprivation Mask 1<\/strong> - silence and surrender caught in the skin. A full deprivation mask with collar laser-baked into premium cowhide in a distinctive shield-shaped Deluxe buckle for those who understand the beauty of sensory isolation without words.<\/p>\n<h3 style=\"color: #8b7355; border-bottom: 2px solid #8b7355; padding-bottom: 0.5em; margin-bottom: 2em;\">Silence captured in detail<\/h3>\n<p style=\"line-height: 1.7; margin-bottom: 2em;\">The shield-shaped Deluxe buckle, 13 \u00d7 10 cm with a dark brown border, bears a laser-engraved portrait of a figure in a full deprivation mask - a full-faced hood with round eyeholes, flanked by rivets and complete with a collar with rivets at the neck. Every detail of the precise rivet lines and the contour of the mask are burned into the leather with a deep dark texture and strong contrast. The dark brown edge can be optionally machine or hand stitched, the fastening is taken care of by a French clasp or a 15 cm bamboo needle.<\/p>\n<h3 style=\"color: #8b7355; border-bottom: 2px solid #8b7355; padding-bottom: 0.5em; margin-bottom: 2em;\">Technical specifications<\/h3>\n<ul style=\"font-size: 1.05em; line-height: 1.6; margin-bottom: 2em;\">\n<li style=\"margin-bottom: 0.8em;\"><strong>Material:<\/strong> Cowhide (3 mm)<\/li>\n<li style=\"margin-bottom: 0.8em;\"><strong>Size:<\/strong> 13 \u00d7 10 cm<\/li>\n<li style=\"margin-bottom: 0.8em;\"><strong>Fastening:<\/strong> French clasp or bamboo needle (15 cm)<\/li>\n<li style=\"margin-bottom: 0.8em;\"><strong>Motive:<\/strong> Deprivation mask with collar - laser engraving<\/li>\n<li style=\"margin-bottom: 0.8em;\"><strong>Optional:<\/strong> Machine or hand stitching of the edge<\/li>\n<\/ul>\n<\/div>","protected":false},"excerpt":{"rendered":"<p>Spona do vlas\u016f \u2013 Ko\u017een\u00e1 spona Deluxe Depriva\u010dn\u00ed maska 1 \u2013 ticho a odevzd\u00e1n\u00ed zachycen\u00e9 v k\u016f\u017ei. Pln\u00e1 depriva\u010dn\u00ed maska s obojkem laserov\u011b vyp\u00e1len\u00e1 do pr\u00e9miov\u00e9 hov\u011bz\u00ed k\u016f\u017ee ve v\u00fdrazn\u00e9m \u0161t\u00edtov\u00e9m tvaru Deluxe spony pro ty, kdo kr\u00e1su smyslov\u00e9 izolace rozum\u00ed bez slov. Ticho zachycen\u00e9 v detailu \u0160t\u00edtov\u00fd tvar Deluxe spony o velikosti 13 \u00d7&#8230;<\/p>","protected":false},"featured_media":45739,"comment_status":"open","ping_status":"closed","template":"","meta":{"_kad_blocks_custom_css":"","_kad_blocks_head_custom_js":"","_kad_blocks_body_custom_js":"","_kad_blocks_footer_custom_js":"","_kad_post_transparent":"default","_kad_post_title":"","_kad_post_layout":"default","_kad_post_sidebar_id":"","_kad_post_content_style":"default","_kad_post_vertical_padding":"default","_kad_post_feature":"","_kad_post_feature_position":"","_kad_post_header":false,"_kad_post_footer":false,"_kad_post_classname":""},"product_brand":[],"product_cat":[297],"product_tag":[],"class_list":{"0":"post-11828","1":"product","2":"type-product","3":"status-publish","4":"has-post-thumbnail","6":"product_cat-spony-do-vlasu","7":"tm-has-options","9":"first","10":"onbackorder","11":"shipping-taxable","12":"purchasable","13":"product-type-simple","14":"entry","15":"content-bg","16":"loop-entry"},"taxonomy_info":{"product_cat":[{"value":297,"label":"Spony do vlas\u016f"}]},"featured_image_src_large":["https:\/\/wolfleather.art\/wp-content\/uploads\/2026\/02\/20.png",491,378,false],"author_info":[],"comment_info":0,"_links":{"self":[{"href":"https:\/\/wolfleather.art\/en\/wp-json\/wp\/v2\/product\/11828","targetHints":{"allow":["GET"]}}],"collection":[{"href":"https:\/\/wolfleather.art\/en\/wp-json\/wp\/v2\/product"}],"about":[{"href":"https:\/\/wolfleather.art\/en\/wp-json\/wp\/v2\/types\/product"}],"replies":[{"embeddable":true,"href":"https:\/\/wolfleather.art\/en\/wp-json\/wp\/v2\/comments?post=11828"}],"wp:featuredmedia":[{"embeddable":true,"href":"https:\/\/wolfleather.art\/en\/wp-json\/wp\/v2\/media\/45739"}],"wp:attachment":[{"href":"https:\/\/wolfleather.art\/en\/wp-json\/wp\/v2\/media?parent=11828"}],"wp:term":[{"taxonomy":"product_brand","embeddable":true,"href":"https:\/\/wolfleather.art\/en\/wp-json\/wp\/v2\/product_brand?post=11828"},{"taxonomy":"product_cat","embeddable":true,"href":"https:\/\/wolfleather.art\/en\/wp-json\/wp\/v2\/product_cat?post=11828"},{"taxonomy":"product_tag","embeddable":true,"href":"https:\/\/wolfleather.art\/en\/wp-json\/wp\/v2\/product_tag?post=11828"}],"curies":[{"name":"wp","href":"https:\/\/api.w.org\/{rel}","templated":true}]}}