{"id":11823,"date":"2024-03-19T19:49:00","date_gmt":"2024-03-19T18:49:00","guid":{"rendered":"https:\/\/wolfleather.art\/?post_type=product&#038;p=11823"},"modified":"2026-04-02T17:16:26","modified_gmt":"2026-04-02T15:16:26","slug":"deluxe-maska-kralik-1","status":"publish","type":"product","link":"https:\/\/wolfleather.art\/en\/product\/deluxe-maska-kralik-1\/","title":{"rendered":"Leather Hair Clip - Deluxe - Rabbit Mask 1"},"content":{"rendered":"<div style=\"padding: 3.5em 2.5em 3em 4.5em; border-radius: 16px; margin-top: 0;\">\n<p style=\"font-size: 1.1em; line-height: 1.7; margin-bottom: 2.5em;\"><strong>Hair Clip - Deluxe Leather Hair Clip Rabbit Mask 1<\/strong> - playfulness with a touch of mystery. A delicate rabbit mask with long ears laser-baked into premium cowhide in a distinctive shield-shaped Deluxe buckle for those who wear their bunny character with ease and grace.<\/p>\n<h3 style=\"color: #8b7355; border-bottom: 2px solid #8b7355; padding-bottom: 0.5em; margin-bottom: 2em;\">Playful elegance in a large format<\/h3>\n<p style=\"line-height: 1.7; margin-bottom: 2em;\">The shield shape of the Deluxe buckle of 13 \u00d7 10 cm with a dark brown edge bears a laser engraved rabbit mask motif - a clean symmetrical shape with distinctive long ears with inner drawing and eyeholes with fine stitching on the centre line of the mask. The clean lines and minimalist style give the motif a playful yet sophisticated expression. The dark brown edge can be optionally machine or hand stitched, the fastening is provided by a French clasp or a 15 cm bamboo needle.<\/p>\n<h3 style=\"color: #8b7355; border-bottom: 2px solid #8b7355; padding-bottom: 0.5em; margin-bottom: 2em;\">Technical specifications<\/h3>\n<ul style=\"font-size: 1.05em; line-height: 1.6; margin-bottom: 2em;\">\n<li style=\"margin-bottom: 0.8em;\"><strong>Material:<\/strong> Cowhide (3 mm)<\/li>\n<li style=\"margin-bottom: 0.8em;\"><strong>Size:<\/strong> 13 \u00d7 10 cm<\/li>\n<li style=\"margin-bottom: 0.8em;\"><strong>Fastening:<\/strong> French clasp or bamboo needle (15 cm)<\/li>\n<li style=\"margin-bottom: 0.8em;\"><strong>Motive:<\/strong> Rabbit mask - laser engraving<\/li>\n<li style=\"margin-bottom: 0.8em;\"><strong>Optional:<\/strong> Machine or hand stitching of the edge<\/li>\n<\/ul>\n<\/div>","protected":false},"excerpt":{"rendered":"<p>Spona do vlas\u016f \u2013 Ko\u017een\u00e1 spona Deluxe Maska kr\u00e1l\u00edk 1 \u2013 hravost s n\u00e1dechem tajemstv\u00ed. Jemn\u00e1 kr\u00e1li\u010d\u00ed maska s dlouh\u00fdmi u\u0161ima laserov\u011b vyp\u00e1len\u00e1 do pr\u00e9miov\u00e9 hov\u011bz\u00ed k\u016f\u017ee ve v\u00fdrazn\u00e9m \u0161t\u00edtov\u00e9m tvaru Deluxe spony pro ty, kdo sv\u016fj bunny charakter nos\u00ed s lehkost\u00ed a p\u016fvabem. Hrav\u00e1 elegance ve velk\u00e9m form\u00e1tu \u0160t\u00edtov\u00fd tvar Deluxe spony o velikosti&#8230;<\/p>","protected":false},"featured_media":45738,"comment_status":"open","ping_status":"closed","template":"","meta":{"_kad_blocks_custom_css":"","_kad_blocks_head_custom_js":"","_kad_blocks_body_custom_js":"","_kad_blocks_footer_custom_js":"","_kad_post_transparent":"default","_kad_post_title":"","_kad_post_layout":"default","_kad_post_sidebar_id":"","_kad_post_content_style":"default","_kad_post_vertical_padding":"default","_kad_post_feature":"","_kad_post_feature_position":"","_kad_post_header":false,"_kad_post_footer":false,"_kad_post_classname":""},"product_brand":[],"product_cat":[297],"product_tag":[],"class_list":{"0":"post-11823","1":"product","2":"type-product","3":"status-publish","4":"has-post-thumbnail","6":"product_cat-spony-do-vlasu","7":"tm-has-options","9":"first","10":"onbackorder","11":"shipping-taxable","12":"purchasable","13":"product-type-simple","14":"entry","15":"content-bg","16":"loop-entry"},"taxonomy_info":{"product_cat":[{"value":297,"label":"Spony do vlas\u016f"}]},"featured_image_src_large":["https:\/\/wolfleather.art\/wp-content\/uploads\/2026\/02\/21.png",491,378,false],"author_info":[],"comment_info":0,"_links":{"self":[{"href":"https:\/\/wolfleather.art\/en\/wp-json\/wp\/v2\/product\/11823","targetHints":{"allow":["GET"]}}],"collection":[{"href":"https:\/\/wolfleather.art\/en\/wp-json\/wp\/v2\/product"}],"about":[{"href":"https:\/\/wolfleather.art\/en\/wp-json\/wp\/v2\/types\/product"}],"replies":[{"embeddable":true,"href":"https:\/\/wolfleather.art\/en\/wp-json\/wp\/v2\/comments?post=11823"}],"wp:featuredmedia":[{"embeddable":true,"href":"https:\/\/wolfleather.art\/en\/wp-json\/wp\/v2\/media\/45738"}],"wp:attachment":[{"href":"https:\/\/wolfleather.art\/en\/wp-json\/wp\/v2\/media?parent=11823"}],"wp:term":[{"taxonomy":"product_brand","embeddable":true,"href":"https:\/\/wolfleather.art\/en\/wp-json\/wp\/v2\/product_brand?post=11823"},{"taxonomy":"product_cat","embeddable":true,"href":"https:\/\/wolfleather.art\/en\/wp-json\/wp\/v2\/product_cat?post=11823"},{"taxonomy":"product_tag","embeddable":true,"href":"https:\/\/wolfleather.art\/en\/wp-json\/wp\/v2\/product_tag?post=11823"}],"curies":[{"name":"wp","href":"https:\/\/api.w.org\/{rel}","templated":true}]}}