{"id":11808,"date":"2024-03-19T19:47:00","date_gmt":"2024-03-19T18:47:00","guid":{"rendered":"https:\/\/wolfleather.art\/?post_type=product&#038;p=11808"},"modified":"2026-04-02T17:30:08","modified_gmt":"2026-04-02T15:30:08","slug":"deluxe-monada-1","status":"publish","type":"product","link":"https:\/\/wolfleather.art\/en\/product\/deluxe-monada-1\/","title":{"rendered":"Leather hair clip - Deluxe - Monad 1"},"content":{"rendered":"<div style=\"padding: 3.5em 2.5em 3em 4.5em; border-radius: 16px; margin-top: 0;\">\n<p style=\"font-size: 1.1em; line-height: 1.7; margin-bottom: 2.5em;\">This Deluxe leather hair clip with a triskelion made up of three iconic BDSM items is burnt into premium cowhide leather in a manufactured shield shape The 13\u00d710 cm Deluxe hair clip with a dark brown border bears a laser engraved depiction of a triskelion made up of three iconic BDSM items - a gag, a crimp collar and a ball gag - spirally connected in a circle. Every detail is burned into the leather with precise lines and deep contrast. The dark brown edge can be optionally machine or hand stitched, fastened with a French clasp or a 15 cm bamboo needle.<\/p>\n<\/div>","protected":false},"excerpt":{"rendered":"<p>Tato ko\u017een\u00e1 spona do vlas\u016f Deluxe s trisk\u00e9lionem slo\u017een\u00fdm ze t\u0159\u00ed ikonick\u00fdch BDSM p\u0159edm\u011bt\u016f je vyp\u00e1l\u00e1na do pr\u00e9miov\u00e9 hov\u011bz\u00ed k\u016f\u017ee ve vyr\u00e1zn\u00e9m \u0161t\u00edtov\u00e9m tvaru Deluxe spony o velikosti 13 \u00d7 10 cm s tmav\u011b hn\u011bd\u00fdm okrajem nese laserov\u011b gravit\u00e9 zobrazen\u00ed trisk\u00e9lionu slo\u017een\u00e9ho ze t\u0159\u00ed ikonick\u00fdch BDSM p\u0159edm\u011bt\u016f \u2013 roub\u00edku, obojku s krouli\u010dkem a b\u00ed\u010dku \u2013&#8230;<\/p>","protected":false},"featured_media":45734,"comment_status":"open","ping_status":"closed","template":"","meta":{"_kad_blocks_custom_css":"","_kad_blocks_head_custom_js":"","_kad_blocks_body_custom_js":"","_kad_blocks_footer_custom_js":"","_kad_post_transparent":"default","_kad_post_title":"","_kad_post_layout":"default","_kad_post_sidebar_id":"","_kad_post_content_style":"default","_kad_post_vertical_padding":"default","_kad_post_feature":"","_kad_post_feature_position":"","_kad_post_header":false,"_kad_post_footer":false,"_kad_post_classname":""},"product_brand":[],"product_cat":[297],"product_tag":[],"class_list":{"0":"post-11808","1":"product","2":"type-product","3":"status-publish","4":"has-post-thumbnail","6":"product_cat-spony-do-vlasu","7":"tm-has-options","9":"first","10":"onbackorder","11":"shipping-taxable","12":"purchasable","13":"product-type-simple","14":"entry","15":"content-bg","16":"loop-entry"},"taxonomy_info":{"product_cat":[{"value":297,"label":"Spony do vlas\u016f"}]},"featured_image_src_large":["https:\/\/wolfleather.art\/wp-content\/uploads\/2026\/02\/24.png",491,378,false],"author_info":[],"comment_info":0,"_links":{"self":[{"href":"https:\/\/wolfleather.art\/en\/wp-json\/wp\/v2\/product\/11808","targetHints":{"allow":["GET"]}}],"collection":[{"href":"https:\/\/wolfleather.art\/en\/wp-json\/wp\/v2\/product"}],"about":[{"href":"https:\/\/wolfleather.art\/en\/wp-json\/wp\/v2\/types\/product"}],"replies":[{"embeddable":true,"href":"https:\/\/wolfleather.art\/en\/wp-json\/wp\/v2\/comments?post=11808"}],"wp:featuredmedia":[{"embeddable":true,"href":"https:\/\/wolfleather.art\/en\/wp-json\/wp\/v2\/media\/45734"}],"wp:attachment":[{"href":"https:\/\/wolfleather.art\/en\/wp-json\/wp\/v2\/media?parent=11808"}],"wp:term":[{"taxonomy":"product_brand","embeddable":true,"href":"https:\/\/wolfleather.art\/en\/wp-json\/wp\/v2\/product_brand?post=11808"},{"taxonomy":"product_cat","embeddable":true,"href":"https:\/\/wolfleather.art\/en\/wp-json\/wp\/v2\/product_cat?post=11808"},{"taxonomy":"product_tag","embeddable":true,"href":"https:\/\/wolfleather.art\/en\/wp-json\/wp\/v2\/product_tag?post=11808"}],"curies":[{"name":"wp","href":"https:\/\/api.w.org\/{rel}","templated":true}]}}