{"id":11783,"date":"2024-03-19T19:44:00","date_gmt":"2024-03-19T18:44:00","guid":{"rendered":"https:\/\/wolfleather.art\/?post_type=product&#038;p=11783"},"modified":"2026-04-02T17:39:01","modified_gmt":"2026-04-02T15:39:01","slug":"deluxe-obojek","status":"publish","type":"product","link":"https:\/\/wolfleather.art\/en\/product\/deluxe-obojek\/","title":{"rendered":"Leather Hair Clip - Deluxe - Collar"},"content":{"rendered":"<div style=\"padding: 3.5em 2.5em 3em 4.5em; border-radius: 16px; margin-top: 0;\">\n<p style=\"font-size: 1.1em; line-height: 1.7; margin-bottom: 2.5em;\">This Deluxe leather hair clip with laser engraved depiction of a raven collar is burned into premium cowhide leather in the Deluxe clip's shield shape. Larger format, same clear message. The laser gravit\u00e9 depiction of the croc collar is burned into premium cowhide in a shield-shaped Deluxe buckle for those who wear the symbol of surrender with elegance and confidence.<\/p>\n<\/div>","protected":false},"excerpt":{"rendered":"<p>Tato ko\u017een\u00e1 spona do vlas\u016f Deluxe s laserov\u011b gravit\u00e9 zobrazen\u00edm obojku s krouli\u010dkem je vyp\u00e1l\u00e1na do pr\u00e9miov\u00e9 hov\u011bz\u00ed k\u016f\u017ee ve vyr\u00e1zn\u00e9m \u0161t\u00edtov\u00e9m tvaru Deluxe spony. V\u011bt\u0161\u00ed form\u00e1t, stejn\u011b jasn\u00e9 sd\u011blen\u00ed. Laserov\u011b gravit\u00e9 zobrazen\u00ed obojku s krouli\u010dkem je vyp\u00e1leno na pr\u00e9miov\u00e9 hov\u011bz\u00ed k\u016f\u017ei ve vyr\u00e1zn\u00e9m \u0161t\u00edtov\u00e9m tvaru Deluxe spony pro ty, kdo symbol odevzd\u00e1n\u00ed nos\u00ed s&#8230;<\/p>","protected":false},"featured_media":45729,"comment_status":"open","ping_status":"closed","template":"","meta":{"_kad_blocks_custom_css":"","_kad_blocks_head_custom_js":"","_kad_blocks_body_custom_js":"","_kad_blocks_footer_custom_js":"","_kad_post_transparent":"default","_kad_post_title":"","_kad_post_layout":"default","_kad_post_sidebar_id":"","_kad_post_content_style":"default","_kad_post_vertical_padding":"default","_kad_post_feature":"","_kad_post_feature_position":"","_kad_post_header":false,"_kad_post_footer":false,"_kad_post_classname":""},"product_brand":[],"product_cat":[297],"product_tag":[],"class_list":{"0":"post-11783","1":"product","2":"type-product","3":"status-publish","4":"has-post-thumbnail","6":"product_cat-spony-do-vlasu","7":"tm-has-options","9":"first","10":"onbackorder","11":"shipping-taxable","12":"purchasable","13":"product-type-simple","14":"entry","15":"content-bg","16":"loop-entry"},"taxonomy_info":{"product_cat":[{"value":297,"label":"Spony do vlas\u016f"}]},"featured_image_src_large":["https:\/\/wolfleather.art\/wp-content\/uploads\/2026\/02\/29.png",491,378,false],"author_info":[],"comment_info":0,"_links":{"self":[{"href":"https:\/\/wolfleather.art\/en\/wp-json\/wp\/v2\/product\/11783","targetHints":{"allow":["GET"]}}],"collection":[{"href":"https:\/\/wolfleather.art\/en\/wp-json\/wp\/v2\/product"}],"about":[{"href":"https:\/\/wolfleather.art\/en\/wp-json\/wp\/v2\/types\/product"}],"replies":[{"embeddable":true,"href":"https:\/\/wolfleather.art\/en\/wp-json\/wp\/v2\/comments?post=11783"}],"wp:featuredmedia":[{"embeddable":true,"href":"https:\/\/wolfleather.art\/en\/wp-json\/wp\/v2\/media\/45729"}],"wp:attachment":[{"href":"https:\/\/wolfleather.art\/en\/wp-json\/wp\/v2\/media?parent=11783"}],"wp:term":[{"taxonomy":"product_brand","embeddable":true,"href":"https:\/\/wolfleather.art\/en\/wp-json\/wp\/v2\/product_brand?post=11783"},{"taxonomy":"product_cat","embeddable":true,"href":"https:\/\/wolfleather.art\/en\/wp-json\/wp\/v2\/product_cat?post=11783"},{"taxonomy":"product_tag","embeddable":true,"href":"https:\/\/wolfleather.art\/en\/wp-json\/wp\/v2\/product_tag?post=11783"}],"curies":[{"name":"wp","href":"https:\/\/api.w.org\/{rel}","templated":true}]}}