{"id":11603,"date":"2024-03-19T01:34:00","date_gmt":"2024-03-19T00:34:00","guid":{"rendered":"https:\/\/wolfleather.art\/?post_type=product&#038;p=11603"},"modified":"2026-04-02T17:41:49","modified_gmt":"2026-04-02T15:41:49","slug":"oval-maska-kocka-2-2","status":"publish","type":"product","link":"https:\/\/wolfleather.art\/en\/product\/oval-maska-kocka-2-2\/","title":{"rendered":"Leather hair clip - Oval - Mask cat 2"},"content":{"rendered":"<div style=\"padding: 3.5em 2.5em 3em 4.5em; border-radius: 16px; margin-top: 0;\">\n<p>This Deluxe leather hair clip with laser engraved cat mask motif is burned into premium cowhide in a distinctive shield-shaped Deluxe hair clip for those who wear their inner kitty character to the fullest. Larger format, same clear message. The laser engraved depiction of the crone collar is burned into premium cowhide in the distinctive shield shape of the Deluxe buckle for those who wear the symbol of surrender with elegance and confidence.<\/p>\n<p>Feline elegance without compromise<\/p>\n<p>The oval-shaped buckle measuring 100 \u00d7 70 mm with a dark brown edge bears a laser-engraved motif of a full cat mask - distinctly erect ears, delicate spiral decorations on the ears and rivets lining the mask, all burnt into the leather with sharp lines and deep contrast. Where the first cat mask plays on subtle elegance, this version builds on strength and full character. The fastening is catered for by a bamboo pin or French clasp, handmade from 3mm cowhide.<\/p>\n<\/div>","protected":false},"excerpt":{"rendered":"<p>Tato ko\u017een\u00e1 spona do vlas\u016f Deluxe s laserov\u00fdm grav\u00edrovan\u00fdm motivem ko\u010di\u010d\u00ed masky je vyp\u00e1l\u00e1na do pr\u00e9miov\u00e9 hov\u011bz\u00ed k\u016f\u017ee ve v\u00fdrazn\u00e9m \u0161t\u00edtov\u00e9m tvaru Deluxe spony pro ty, kdo sv\u016fj vnit\u0159n\u00ed kitty charakter nos\u00ed naplno. V\u011bt\u0161\u00ed form\u00e1t, stejn\u011b jasn\u00e9 sd\u011blen\u00ed. Laserov\u00e9 grav\u00edt\u00e9 zobrazen\u00ed obojku s krouli\u010dkem je vyp\u00e1leno na pr\u00e9miov\u00e9 hov\u011bz\u00ed k\u016f\u017ei ve v\u00fdrazn\u00e9m \u0161t\u00edtov\u00e9m tvaru Deluxe&#8230;<\/p>","protected":false},"featured_media":45705,"comment_status":"open","ping_status":"closed","template":"","meta":{"_kad_blocks_custom_css":"","_kad_blocks_head_custom_js":"","_kad_blocks_body_custom_js":"","_kad_blocks_footer_custom_js":"","_kad_post_transparent":"default","_kad_post_title":"","_kad_post_layout":"default","_kad_post_sidebar_id":"","_kad_post_content_style":"default","_kad_post_vertical_padding":"default","_kad_post_feature":"","_kad_post_feature_position":"","_kad_post_header":false,"_kad_post_footer":false,"_kad_post_classname":""},"product_brand":[],"product_cat":[297],"product_tag":[],"class_list":{"0":"post-11603","1":"product","2":"type-product","3":"status-publish","4":"has-post-thumbnail","6":"product_cat-spony-do-vlasu","7":"tm-has-options","9":"first","10":"onbackorder","11":"shipping-taxable","12":"purchasable","13":"product-type-simple","14":"entry","15":"content-bg","16":"loop-entry"},"taxonomy_info":{"product_cat":[{"value":297,"label":"Spony do vlas\u016f"}]},"featured_image_src_large":["https:\/\/wolfleather.art\/wp-content\/uploads\/2026\/02\/kockamaska.png",498,311,false],"author_info":[],"comment_info":0,"_links":{"self":[{"href":"https:\/\/wolfleather.art\/en\/wp-json\/wp\/v2\/product\/11603","targetHints":{"allow":["GET"]}}],"collection":[{"href":"https:\/\/wolfleather.art\/en\/wp-json\/wp\/v2\/product"}],"about":[{"href":"https:\/\/wolfleather.art\/en\/wp-json\/wp\/v2\/types\/product"}],"replies":[{"embeddable":true,"href":"https:\/\/wolfleather.art\/en\/wp-json\/wp\/v2\/comments?post=11603"}],"wp:featuredmedia":[{"embeddable":true,"href":"https:\/\/wolfleather.art\/en\/wp-json\/wp\/v2\/media\/45705"}],"wp:attachment":[{"href":"https:\/\/wolfleather.art\/en\/wp-json\/wp\/v2\/media?parent=11603"}],"wp:term":[{"taxonomy":"product_brand","embeddable":true,"href":"https:\/\/wolfleather.art\/en\/wp-json\/wp\/v2\/product_brand?post=11603"},{"taxonomy":"product_cat","embeddable":true,"href":"https:\/\/wolfleather.art\/en\/wp-json\/wp\/v2\/product_cat?post=11603"},{"taxonomy":"product_tag","embeddable":true,"href":"https:\/\/wolfleather.art\/en\/wp-json\/wp\/v2\/product_tag?post=11603"}],"curies":[{"name":"wp","href":"https:\/\/api.w.org\/{rel}","templated":true}]}}