{"id":11563,"date":"2024-03-19T01:16:00","date_gmt":"2024-03-19T00:16:00","guid":{"rendered":"https:\/\/wolfleather.art\/?post_type=product&#038;p=11563"},"modified":"2026-04-02T17:49:25","modified_gmt":"2026-04-02T15:49:25","slug":"oval-maska-kocka-1","status":"publish","type":"product","link":"https:\/\/wolfleather.art\/en\/product\/oval-maska-kocka-1\/","title":{"rendered":"Leather hair clip - Oval - Mask cat 1"},"content":{"rendered":"<div style=\"padding: 3.5em 2.5em 3em 4.5em; border-radius: 16px; margin-top: 0;\">\n<p>This Deluxe leather hair clip with laser engraved cat mask motif is burned into premium cowhide leather in the distinctive shield shape of the Deluxe clip. Elegance and playfulness in one. Laser engraved cat mask with decorative details and distinctive ears on premium cowhide for those who want to wear their inner kitty character every day.<\/p>\n<p>Feline character in every detail<\/p>\n<p>The oval-shaped buckle measuring 100 \u00d7 70 mm with a dark brown edge bears a laser engraved cat mask motif with erect ears, decorative details and rivets lining the top edge - precise lines burnt into the leather. A sophisticated and seductive motif that will captivate everyone. Fastening is provided by a bamboo pin or French clasp, handmade from 3mm cowhide.<\/p>\n<\/div>","protected":false},"excerpt":{"rendered":"<p>Tato ko\u017een\u00e1 spona do vlas\u016f Deluxe s laserov\u00fdm grav\u00edrovan\u00fdm motivem ko\u010di\u010d\u00ed masky je vyp\u00e1l\u00e1na do pr\u00e9miov\u00e9 hov\u011bz\u00ed k\u016f\u017ee ve v\u00fdrazn\u00e9m \u0161t\u00edtov\u00e9m tvaru Deluxe spony. Elegance a hravost v jednom. Laserov\u011b grav\u00edrovan\u00e1 ko\u010di\u010d\u00ed maska s ozdobn\u00fdmi detaily a v\u00fdrazn\u00fdmi u\u0161ima na pr\u00e9miov\u00e9 hov\u011bz\u00ed k\u016f\u017ei pro ty, kdo cht\u011bj\u00ed sv\u016fj vnit\u0159n\u00ed kitty charakter nosit ka\u017ed\u00fd den. Ko\u010di\u010d\u00ed&#8230;<\/p>","protected":false},"featured_media":45697,"comment_status":"open","ping_status":"closed","template":"","meta":{"_kad_blocks_custom_css":"","_kad_blocks_head_custom_js":"","_kad_blocks_body_custom_js":"","_kad_blocks_footer_custom_js":"","_kad_post_transparent":"default","_kad_post_title":"","_kad_post_layout":"default","_kad_post_sidebar_id":"","_kad_post_content_style":"default","_kad_post_vertical_padding":"default","_kad_post_feature":"","_kad_post_feature_position":"","_kad_post_header":false,"_kad_post_footer":false,"_kad_post_classname":""},"product_brand":[],"product_cat":[297],"product_tag":[],"class_list":{"0":"post-11563","1":"product","2":"type-product","3":"status-publish","4":"has-post-thumbnail","6":"product_cat-spony-do-vlasu","7":"tm-has-options","9":"first","10":"onbackorder","11":"shipping-taxable","12":"purchasable","13":"product-type-simple","14":"entry","15":"content-bg","16":"loop-entry"},"taxonomy_info":{"product_cat":[{"value":297,"label":"Spony do vlas\u016f"}]},"featured_image_src_large":["https:\/\/wolfleather.art\/wp-content\/uploads\/2026\/02\/kockamaska2.png",498,311,false],"author_info":[],"comment_info":0,"_links":{"self":[{"href":"https:\/\/wolfleather.art\/en\/wp-json\/wp\/v2\/product\/11563","targetHints":{"allow":["GET"]}}],"collection":[{"href":"https:\/\/wolfleather.art\/en\/wp-json\/wp\/v2\/product"}],"about":[{"href":"https:\/\/wolfleather.art\/en\/wp-json\/wp\/v2\/types\/product"}],"replies":[{"embeddable":true,"href":"https:\/\/wolfleather.art\/en\/wp-json\/wp\/v2\/comments?post=11563"}],"wp:featuredmedia":[{"embeddable":true,"href":"https:\/\/wolfleather.art\/en\/wp-json\/wp\/v2\/media\/45697"}],"wp:attachment":[{"href":"https:\/\/wolfleather.art\/en\/wp-json\/wp\/v2\/media?parent=11563"}],"wp:term":[{"taxonomy":"product_brand","embeddable":true,"href":"https:\/\/wolfleather.art\/en\/wp-json\/wp\/v2\/product_brand?post=11563"},{"taxonomy":"product_cat","embeddable":true,"href":"https:\/\/wolfleather.art\/en\/wp-json\/wp\/v2\/product_cat?post=11563"},{"taxonomy":"product_tag","embeddable":true,"href":"https:\/\/wolfleather.art\/en\/wp-json\/wp\/v2\/product_tag?post=11563"}],"curies":[{"name":"wp","href":"https:\/\/api.w.org\/{rel}","templated":true}]}}