{"id":11553,"date":"2024-03-19T01:13:00","date_gmt":"2024-03-19T00:13:00","guid":{"rendered":"https:\/\/wolfleather.art\/?post_type=product&#038;p=11553"},"modified":"2026-04-02T17:51:22","modified_gmt":"2026-04-02T15:51:22","slug":"oval-kralik-maska-2","status":"publish","type":"product","link":"https:\/\/wolfleather.art\/en\/product\/oval-kralik-maska-2\/","title":{"rendered":"Leather hair clip - Oval - Rabbit mask 2"},"content":{"rendered":"<div style=\"padding: 3.5em 2.5em 3em 4.5em; border-radius: 16px; margin-top: 0;\">\n<p>This Deluxe leather hair clip with a laser engraved rabbit mask motif is burned into premium cowhide in the distinctive shield shape of the Deluxe hair clip. A fuller, more distinctive sister to the first rabbit mask. Where the Rabbit Mask 1 offers minimalism, this version adds depth and detail - more succinct for those who wear their pattern to the fullest.<\/p>\n<p>Rabbit belly elegance<\/p>\n<p>The oval-shaped buckle measuring 100 \u00d7 70 mm with a dark brown edge bears a laser-engraved rabbit mask motif with long, erect ears and prominent details around the head - burnt into the leather with fine lines and deep contrast. Playfulness and playfulness together - a complementary take on the rabbit's nature. Fastening is catered for by a bamboo pin or French clasp, handmade from 3mm cowhide.<\/p>\n<\/div>","protected":false},"excerpt":{"rendered":"<p>Tato ko\u017een\u00e1 spona do vlas\u016f Deluxe s laserov\u00fdm grav\u00edrovan\u00fdm motivem kr\u00e1l\u00ed\u010d\u00ed masky je vyp\u00e1l\u00e1na do pr\u00e9miov\u00e9 hov\u011bz\u00ed k\u016f\u017ee ve v\u00fdrazn\u00e9m \u0161t\u00edtov\u00e9m tvaru Deluxe spony. Pln\u011bj\u0161\u00ed, v\u00fdrazn\u011bj\u0161\u00ed sestra prvn\u00ed kr\u00e1l\u00ed\u010d\u00ed masky. Tam kde Maska kr\u00e1l\u00edk 1 nab\u00edz\u00ed minimalismus, tato verze p\u0159id\u00e1v\u00e1 hloubku a detail \u2013 do\u0161\u0165avn\u011bj\u0161\u00ed pro ty, kdo sv\u016fj vzorek nos\u00ed naplno. H\u0159i\u0161n\u00e1 kr\u00e1l\u00ed\u010d\u00ed elegance&#8230;<\/p>","protected":false},"featured_media":45695,"comment_status":"open","ping_status":"closed","template":"","meta":{"_kad_blocks_custom_css":"","_kad_blocks_head_custom_js":"","_kad_blocks_body_custom_js":"","_kad_blocks_footer_custom_js":"","_kad_post_transparent":"default","_kad_post_title":"","_kad_post_layout":"default","_kad_post_sidebar_id":"","_kad_post_content_style":"default","_kad_post_vertical_padding":"default","_kad_post_feature":"","_kad_post_feature_position":"","_kad_post_header":false,"_kad_post_footer":false,"_kad_post_classname":""},"product_brand":[],"product_cat":[297],"product_tag":[],"class_list":{"0":"post-11553","1":"product","2":"type-product","3":"status-publish","4":"has-post-thumbnail","6":"product_cat-spony-do-vlasu","7":"tm-has-options","9":"first","10":"onbackorder","11":"shipping-taxable","12":"purchasable","13":"product-type-simple","14":"entry","15":"content-bg","16":"loop-entry"},"taxonomy_info":{"product_cat":[{"value":297,"label":"Spony do vlas\u016f"}]},"featured_image_src_large":["https:\/\/wolfleather.art\/wp-content\/uploads\/2026\/02\/kralikmaska.png",498,311,false],"author_info":[],"comment_info":0,"_links":{"self":[{"href":"https:\/\/wolfleather.art\/en\/wp-json\/wp\/v2\/product\/11553","targetHints":{"allow":["GET"]}}],"collection":[{"href":"https:\/\/wolfleather.art\/en\/wp-json\/wp\/v2\/product"}],"about":[{"href":"https:\/\/wolfleather.art\/en\/wp-json\/wp\/v2\/types\/product"}],"replies":[{"embeddable":true,"href":"https:\/\/wolfleather.art\/en\/wp-json\/wp\/v2\/comments?post=11553"}],"wp:featuredmedia":[{"embeddable":true,"href":"https:\/\/wolfleather.art\/en\/wp-json\/wp\/v2\/media\/45695"}],"wp:attachment":[{"href":"https:\/\/wolfleather.art\/en\/wp-json\/wp\/v2\/media?parent=11553"}],"wp:term":[{"taxonomy":"product_brand","embeddable":true,"href":"https:\/\/wolfleather.art\/en\/wp-json\/wp\/v2\/product_brand?post=11553"},{"taxonomy":"product_cat","embeddable":true,"href":"https:\/\/wolfleather.art\/en\/wp-json\/wp\/v2\/product_cat?post=11553"},{"taxonomy":"product_tag","embeddable":true,"href":"https:\/\/wolfleather.art\/en\/wp-json\/wp\/v2\/product_tag?post=11553"}],"curies":[{"name":"wp","href":"https:\/\/api.w.org\/{rel}","templated":true}]}}