{"id":11503,"date":"2024-03-19T01:06:00","date_gmt":"2024-03-19T00:06:00","guid":{"rendered":"https:\/\/wolfleather.art\/?post_type=product&#038;p=11503"},"modified":"2026-04-02T17:56:37","modified_gmt":"2026-04-02T15:56:37","slug":"oval-deprivacni-maska-1","status":"publish","type":"product","link":"https:\/\/wolfleather.art\/en\/product\/oval-deprivacni-maska-1\/","title":{"rendered":"Leather Hair Clip - Oval - Deprivation Mask 1"},"content":{"rendered":"<div style=\"padding: 3.5em 2.5em 3em 4.5em; border-radius: 16px; margin-top: 0;\">\n<p>Tato ko\u017een\u00e1 spona do vlas\u016f Deluxe s laserov\u00fdm grav\u00edrovan\u00fdm motivem depriv\u010dn\u00ed masky je vyp\u00e1l\u00e1na do pr\u00e9miov\u00e9 hov\u011bz\u00ed k\u016f\u017ee ve v\u00fdrazn\u00e9m \u0161t\u00edtov\u00e9m tvaru Deluxe spony. Subtiln\u00ed pocta sv\u011btu smyslov\u00e9 deprivace, kter\u00e1 promluv\u00ed bez jedin\u00e9ho slova. Laserov\u011b grav\u00edrovan\u00e1 depriv\u010dn\u00ed maska s obojkem laserov\u011b vyp\u00e1len\u00e1 do pr\u00e9miov\u00e9 hov\u011bz\u00ed k\u016f\u017ee \u2013 jemn\u00fd, ale v\u00fdznamn\u00fd dopl\u0148ek, kter\u00fd ch\u00e1p\u00ed sv\u011bt smysl\u016f.<\/p>\n<p>Minimalistick\u00e1 st\u00edn\u011bn\u00e1 elegance<\/p>\n<p>Ov\u00e1ln\u00fd tvar spony o rozm\u011bru 100 \u00d7 70 mm s tmav\u011b hn\u011bd\u00fdm okrajem nese laserov\u011b grav\u00edrovan\u00fd motiv depriva\u010dn\u00ed masky s obojkem \u2013 vyp\u00e1len\u00e9 do k\u016f\u017ee s jemn\u00fdmi liniemi. Kompaktn\u00ed design, kter\u00fd se vyhne zbyte\u010dn\u00e9mu detailu. Upevn\u011bn\u00ed obstar\u00e1v\u00e1 bambusov\u00e1 jehlice nebo francouzsk\u00e9 zap\u00edn\u00e1n\u00ed, ru\u010dn\u011b vyroben\u00e1 z 3 mm hov\u011bz\u00ed k\u016f\u017ee.<\/p>\n<\/div>","protected":false},"excerpt":{"rendered":"<p>Tato ko\u017een\u00e1 spona do vlas\u016f Deluxe s laserov\u00fdm grav\u00edrovan\u00fdm motivem depriv\u010dn\u00ed masky je vyp\u00e1l\u00e1na do pr\u00e9miov\u00e9 hov\u011bz\u00ed k\u016f\u017ee ve v\u00fdrazn\u00e9m \u0161t\u00edtov\u00e9m tvaru Deluxe spony. Subtiln\u00ed pocta sv\u011btu smyslov\u00e9 deprivace, kter\u00e1 promluv\u00ed bez jedin\u00e9ho slova. Laserov\u011b grav\u00edrovan\u00e1 depriv\u010dn\u00ed maska s obojkem laserov\u011b vyp\u00e1len\u00e1 do pr\u00e9miov\u00e9 hov\u011bz\u00ed k\u016f\u017ee \u2013 jemn\u00fd, ale v\u00fdznamn\u00fd dopl\u0148ek, kter\u00fd ch\u00e1p\u00ed sv\u011bt smysl\u016f&#8230;.<\/p>","protected":false},"featured_media":45687,"comment_status":"open","ping_status":"closed","template":"","meta":{"_kad_blocks_custom_css":"","_kad_blocks_head_custom_js":"","_kad_blocks_body_custom_js":"","_kad_blocks_footer_custom_js":"","_kad_post_transparent":"default","_kad_post_title":"","_kad_post_layout":"default","_kad_post_sidebar_id":"","_kad_post_content_style":"default","_kad_post_vertical_padding":"default","_kad_post_feature":"","_kad_post_feature_position":"","_kad_post_header":false,"_kad_post_footer":false,"_kad_post_classname":""},"product_brand":[],"product_cat":[297],"product_tag":[],"class_list":{"0":"post-11503","1":"product","2":"type-product","3":"status-publish","4":"has-post-thumbnail","6":"product_cat-spony-do-vlasu","7":"tm-has-options","9":"first","10":"onbackorder","11":"shipping-taxable","12":"purchasable","13":"product-type-simple","14":"entry","15":"content-bg","16":"loop-entry"},"taxonomy_info":{"product_cat":[{"value":297,"label":"Spony do vlas\u016f"}]},"featured_image_src_large":["https:\/\/wolfleather.art\/wp-content\/uploads\/2026\/02\/maska2.png",498,311,false],"author_info":[],"comment_info":0,"_links":{"self":[{"href":"https:\/\/wolfleather.art\/en\/wp-json\/wp\/v2\/product\/11503","targetHints":{"allow":["GET"]}}],"collection":[{"href":"https:\/\/wolfleather.art\/en\/wp-json\/wp\/v2\/product"}],"about":[{"href":"https:\/\/wolfleather.art\/en\/wp-json\/wp\/v2\/types\/product"}],"replies":[{"embeddable":true,"href":"https:\/\/wolfleather.art\/en\/wp-json\/wp\/v2\/comments?post=11503"}],"wp:featuredmedia":[{"embeddable":true,"href":"https:\/\/wolfleather.art\/en\/wp-json\/wp\/v2\/media\/45687"}],"wp:attachment":[{"href":"https:\/\/wolfleather.art\/en\/wp-json\/wp\/v2\/media?parent=11503"}],"wp:term":[{"taxonomy":"product_brand","embeddable":true,"href":"https:\/\/wolfleather.art\/en\/wp-json\/wp\/v2\/product_brand?post=11503"},{"taxonomy":"product_cat","embeddable":true,"href":"https:\/\/wolfleather.art\/en\/wp-json\/wp\/v2\/product_cat?post=11503"},{"taxonomy":"product_tag","embeddable":true,"href":"https:\/\/wolfleather.art\/en\/wp-json\/wp\/v2\/product_tag?post=11503"}],"curies":[{"name":"wp","href":"https:\/\/api.w.org\/{rel}","templated":true}]}}