{"id":11493,"date":"2024-03-19T01:05:00","date_gmt":"2024-03-19T00:05:00","guid":{"rendered":"https:\/\/wolfleather.art\/?post_type=product&#038;p=11493"},"modified":"2026-04-02T17:59:17","modified_gmt":"2026-04-02T15:59:17","slug":"oval-maska-pes","status":"publish","type":"product","link":"https:\/\/wolfleather.art\/en\/product\/oval-maska-pes\/","title":{"rendered":"Leather hair clip - Oval - Dog mask"},"content":{"rendered":"<div style=\"padding: 3.5em 2.5em 3em 4.5em; border-radius: 16px; margin-top: 0;\">\n<p>This Deluxe leather hair clip with laser engraved dog mask motif is burned into premium cowhide leather in the distinctive shield shape of the Deluxe clip. An accessory for those who wear their lifestyle with pride and style. Laser engraved dog mask with collar and crutch on premium cowhide - a symbol of dedication and loyalty in its finest form.<\/p>\n<p>Domesticated elegance<\/p>\n<p>The oval-shaped buckle measuring 100 \u00d7 70 mm with a dark brown edge bears a laser-engraved motif of a dog mask with rounded ears, a collar with a sparrow and a detailed rendering - burnt into the leather with precise lines. A symbol of surrender in the element of life's ordinary dynamics. The fastening is provided by a bamboo pin or French clasp, handmade from 3 mm cowhide.<\/p>\n<\/div>","protected":false},"excerpt":{"rendered":"<p>Tato ko\u017een\u00e1 spona do vlas\u016f Deluxe s laserov\u00fdm grav\u00edrovan\u00fdm motivem ps\u00ed masky je vyp\u00e1l\u00e1na do pr\u00e9miov\u00e9 hov\u011bz\u00ed k\u016f\u017ee ve v\u00fdrazn\u00e9m \u0161t\u00edtov\u00e9m tvaru Deluxe spony. Dopl\u0148ek pro ty, kdo sv\u016fj \u017eivotn\u00ed styl nos\u00ed s hrdost\u00ed a stylem. Laserov\u011b grav\u00edrovan\u00e1 ps\u00ed maska s obojkem a krouli\u010dkem na pr\u00e9miov\u00e9 hov\u011bz\u00ed k\u016f\u017ei \u2013 symbol odevzd\u00e1n\u00ed a v\u011brnosti v nejjemn\u011bj\u0161\u00ed&#8230;<\/p>","protected":false},"featured_media":45685,"comment_status":"open","ping_status":"closed","template":"","meta":{"_kad_blocks_custom_css":"","_kad_blocks_head_custom_js":"","_kad_blocks_body_custom_js":"","_kad_blocks_footer_custom_js":"","_kad_post_transparent":"default","_kad_post_title":"","_kad_post_layout":"default","_kad_post_sidebar_id":"","_kad_post_content_style":"default","_kad_post_vertical_padding":"default","_kad_post_feature":"","_kad_post_feature_position":"","_kad_post_header":false,"_kad_post_footer":false,"_kad_post_classname":""},"product_brand":[],"product_cat":[297],"product_tag":[],"class_list":{"0":"post-11493","1":"product","2":"type-product","3":"status-publish","4":"has-post-thumbnail","6":"product_cat-spony-do-vlasu","7":"tm-has-options","9":"first","10":"onbackorder","11":"shipping-taxable","12":"purchasable","13":"product-type-simple","14":"entry","15":"content-bg","16":"loop-entry"},"taxonomy_info":{"product_cat":[{"value":297,"label":"Spony do vlas\u016f"}]},"featured_image_src_large":["https:\/\/wolfleather.art\/wp-content\/uploads\/2026\/02\/maskapes.png",498,311,false],"author_info":[],"comment_info":0,"_links":{"self":[{"href":"https:\/\/wolfleather.art\/en\/wp-json\/wp\/v2\/product\/11493","targetHints":{"allow":["GET"]}}],"collection":[{"href":"https:\/\/wolfleather.art\/en\/wp-json\/wp\/v2\/product"}],"about":[{"href":"https:\/\/wolfleather.art\/en\/wp-json\/wp\/v2\/types\/product"}],"replies":[{"embeddable":true,"href":"https:\/\/wolfleather.art\/en\/wp-json\/wp\/v2\/comments?post=11493"}],"wp:featuredmedia":[{"embeddable":true,"href":"https:\/\/wolfleather.art\/en\/wp-json\/wp\/v2\/media\/45685"}],"wp:attachment":[{"href":"https:\/\/wolfleather.art\/en\/wp-json\/wp\/v2\/media?parent=11493"}],"wp:term":[{"taxonomy":"product_brand","embeddable":true,"href":"https:\/\/wolfleather.art\/en\/wp-json\/wp\/v2\/product_brand?post=11493"},{"taxonomy":"product_cat","embeddable":true,"href":"https:\/\/wolfleather.art\/en\/wp-json\/wp\/v2\/product_cat?post=11493"},{"taxonomy":"product_tag","embeddable":true,"href":"https:\/\/wolfleather.art\/en\/wp-json\/wp\/v2\/product_tag?post=11493"}],"curies":[{"name":"wp","href":"https:\/\/api.w.org\/{rel}","templated":true}]}}