{"id":11488,"date":"2024-03-19T01:04:00","date_gmt":"2024-03-19T00:04:00","guid":{"rendered":"https:\/\/wolfleather.art\/?post_type=product&#038;p=11488"},"modified":"2026-04-02T18:01:00","modified_gmt":"2026-04-02T16:01:00","slug":"oval-monada-2","status":"publish","type":"product","link":"https:\/\/wolfleather.art\/en\/product\/oval-monada-2\/","title":{"rendered":"Leather hair clip - Oval - Monad 2"},"content":{"rendered":"<div style=\"padding: 3.5em 2.5em 3em 4.5em; border-radius: 16px; margin-top: 0;\">\n<p>This Deluxe leather hair clip with laser engraved Monad motif is burnt into premium cowhide in the distinctive shield shape of the Deluxe clip. A pure, timeless symbol of the BDSM community in an elegant leather finish. A classic triskelion laser-burned into premium cowhide - a symbol that transcends time and cultures.<\/p>\n<p>Symbolic elegance<\/p>\n<p>The oval-shaped buckle measuring 100 \u00d7 70 mm with a dark brown edge bears a laser-engraved motif of a triskelion (monad) - three patterned segments in a circular arrangement, burnt into the leather with precise lines. A full, detailed design for those who wear the symbol with pride. Fastening is catered for by a bamboo pin or French clasp, handmade from 3mm cowhide.<\/p>\n<\/div>","protected":false},"excerpt":{"rendered":"<p>Tato ko\u017een\u00e1 spona do vlas\u016f Deluxe s laserov\u00fdm grav\u00edrovan\u00fdm motivem Mon\u00e1dy je vyp\u00e1l\u00e1na do pr\u00e9miov\u00e9 hov\u011bz\u00ed k\u016f\u017ee ve v\u00fdrazn\u00e9m \u0161t\u00edtov\u00e9m tvaru Deluxe spony. \u010cist\u00fd, nad\u010dasov\u00fd symbol BDSM komunity v elegantn\u00edm ko\u017een\u00e9m proveden\u00ed. Klasick\u00fd triskelion laserov\u011b vyp\u00e1len\u00fd do pr\u00e9miov\u00e9 hov\u011bz\u00ed k\u016f\u017ee \u2013 symbol, kter\u00fd p\u0159ekra\u010duje hranice \u010dasu a kult\u016fr. Simboln\u00ed elegance Ov\u00e1ln\u00fd tvar spony o rozm\u011bru&#8230;<\/p>","protected":false},"featured_media":45684,"comment_status":"open","ping_status":"closed","template":"","meta":{"_kad_blocks_custom_css":"","_kad_blocks_head_custom_js":"","_kad_blocks_body_custom_js":"","_kad_blocks_footer_custom_js":"","_kad_post_transparent":"default","_kad_post_title":"","_kad_post_layout":"default","_kad_post_sidebar_id":"","_kad_post_content_style":"default","_kad_post_vertical_padding":"default","_kad_post_feature":"","_kad_post_feature_position":"","_kad_post_header":false,"_kad_post_footer":false,"_kad_post_classname":""},"product_brand":[],"product_cat":[297],"product_tag":[],"class_list":{"0":"post-11488","1":"product","2":"type-product","3":"status-publish","4":"has-post-thumbnail","6":"product_cat-spony-do-vlasu","7":"tm-has-options","9":"first","10":"onbackorder","11":"shipping-taxable","12":"purchasable","13":"product-type-simple","14":"entry","15":"content-bg","16":"loop-entry"},"taxonomy_info":{"product_cat":[{"value":297,"label":"Spony do vlas\u016f"}]},"featured_image_src_large":["https:\/\/wolfleather.art\/wp-content\/uploads\/2026\/02\/monada.png",498,311,false],"author_info":[],"comment_info":0,"_links":{"self":[{"href":"https:\/\/wolfleather.art\/en\/wp-json\/wp\/v2\/product\/11488","targetHints":{"allow":["GET"]}}],"collection":[{"href":"https:\/\/wolfleather.art\/en\/wp-json\/wp\/v2\/product"}],"about":[{"href":"https:\/\/wolfleather.art\/en\/wp-json\/wp\/v2\/types\/product"}],"replies":[{"embeddable":true,"href":"https:\/\/wolfleather.art\/en\/wp-json\/wp\/v2\/comments?post=11488"}],"wp:featuredmedia":[{"embeddable":true,"href":"https:\/\/wolfleather.art\/en\/wp-json\/wp\/v2\/media\/45684"}],"wp:attachment":[{"href":"https:\/\/wolfleather.art\/en\/wp-json\/wp\/v2\/media?parent=11488"}],"wp:term":[{"taxonomy":"product_brand","embeddable":true,"href":"https:\/\/wolfleather.art\/en\/wp-json\/wp\/v2\/product_brand?post=11488"},{"taxonomy":"product_cat","embeddable":true,"href":"https:\/\/wolfleather.art\/en\/wp-json\/wp\/v2\/product_cat?post=11488"},{"taxonomy":"product_tag","embeddable":true,"href":"https:\/\/wolfleather.art\/en\/wp-json\/wp\/v2\/product_tag?post=11488"}],"curies":[{"name":"wp","href":"https:\/\/api.w.org\/{rel}","templated":true}]}}