{"id":11483,"date":"2024-03-19T01:04:00","date_gmt":"2024-03-19T00:04:00","guid":{"rendered":"https:\/\/wolfleather.art\/?post_type=product&#038;p=11483"},"modified":"2026-04-02T18:02:46","modified_gmt":"2026-04-02T16:02:46","slug":"oval-monada-1","status":"publish","type":"product","link":"https:\/\/wolfleather.art\/en\/product\/oval-monada-1\/","title":{"rendered":"Leather hair clip - Oval - Monad 1"},"content":{"rendered":"<div style=\"padding: 3.5em 2.5em 3em 4.5em; border-radius: 16px; margin-top: 0;\">\n<p>This Deluxe leather hair clip with laser engraved Monad motif is burnt into premium cowhide in the distinctive shield shape of the Deluxe clip. A BDSM triquetra in a modern dress. Laser burned into premium cowhide leather, the triskelion symbol with collar, gag and bib is the perfect combination of a timeless symbol and a modern design accessory.<\/p>\n<p>Symbolic BDSM design<\/p>\n<p>The oval shape of the buckle measuring 100 \u00d7 70 mm with a dark brown edge bears a laser engraved motif of a triskelion (monad) with a collar, gag and a bee - burnt into the leather with fine lines. A minimal design for those who prefer purity over detail. Fastening is provided by a bamboo pin or French clasp, handmade from 3mm cowhide.<\/p>\n<\/div>","protected":false},"excerpt":{"rendered":"<p>Tato ko\u017een\u00e1 spona do vlas\u016f Deluxe s laserov\u00fdm grav\u00edrovan\u00fdm motivem Mon\u00e1dy je vyp\u00e1l\u00e1na do pr\u00e9miov\u00e9 hov\u011bz\u00ed k\u016f\u017ee ve v\u00fdrazn\u00e9m \u0161t\u00edtov\u00e9m tvaru Deluxe spony. BDSM triquetra v modern\u00edm h\u00e1vu. Symbol triskelion s obojkem, roub\u00edkem a b\u00ed\u010d\u00edkem laserov\u011b vyp\u00e1len\u00fd do pr\u00e9miov\u00e9 hov\u011bz\u00ed k\u016f\u017ee je perfektn\u00ed kombinac\u00ed nad\u010dasov\u00e9ho symbolu a modern\u00edho vzorov\u00e9ho doplnku. Symboln\u00ed BDSM design Ov\u00e1ln\u00fd tvar&#8230;<\/p>","protected":false},"featured_media":45683,"comment_status":"open","ping_status":"closed","template":"","meta":{"_kad_blocks_custom_css":"","_kad_blocks_head_custom_js":"","_kad_blocks_body_custom_js":"","_kad_blocks_footer_custom_js":"","_kad_post_transparent":"default","_kad_post_title":"","_kad_post_layout":"default","_kad_post_sidebar_id":"","_kad_post_content_style":"default","_kad_post_vertical_padding":"default","_kad_post_feature":"","_kad_post_feature_position":"","_kad_post_header":false,"_kad_post_footer":false,"_kad_post_classname":""},"product_brand":[],"product_cat":[297],"product_tag":[],"class_list":{"0":"post-11483","1":"product","2":"type-product","3":"status-publish","4":"has-post-thumbnail","6":"product_cat-spony-do-vlasu","7":"tm-has-options","9":"first","10":"onbackorder","11":"shipping-taxable","12":"purchasable","13":"product-type-simple","14":"entry","15":"content-bg","16":"loop-entry"},"taxonomy_info":{"product_cat":[{"value":297,"label":"Spony do vlas\u016f"}]},"featured_image_src_large":["https:\/\/wolfleather.art\/wp-content\/uploads\/2026\/02\/monada2.png",498,311,false],"author_info":[],"comment_info":0,"_links":{"self":[{"href":"https:\/\/wolfleather.art\/en\/wp-json\/wp\/v2\/product\/11483","targetHints":{"allow":["GET"]}}],"collection":[{"href":"https:\/\/wolfleather.art\/en\/wp-json\/wp\/v2\/product"}],"about":[{"href":"https:\/\/wolfleather.art\/en\/wp-json\/wp\/v2\/types\/product"}],"replies":[{"embeddable":true,"href":"https:\/\/wolfleather.art\/en\/wp-json\/wp\/v2\/comments?post=11483"}],"wp:featuredmedia":[{"embeddable":true,"href":"https:\/\/wolfleather.art\/en\/wp-json\/wp\/v2\/media\/45683"}],"wp:attachment":[{"href":"https:\/\/wolfleather.art\/en\/wp-json\/wp\/v2\/media?parent=11483"}],"wp:term":[{"taxonomy":"product_brand","embeddable":true,"href":"https:\/\/wolfleather.art\/en\/wp-json\/wp\/v2\/product_brand?post=11483"},{"taxonomy":"product_cat","embeddable":true,"href":"https:\/\/wolfleather.art\/en\/wp-json\/wp\/v2\/product_cat?post=11483"},{"taxonomy":"product_tag","embeddable":true,"href":"https:\/\/wolfleather.art\/en\/wp-json\/wp\/v2\/product_tag?post=11483"}],"curies":[{"name":"wp","href":"https:\/\/api.w.org\/{rel}","templated":true}]}}