{"id":46488,"date":"2026-02-24T16:14:06","date_gmt":"2026-02-24T15:14:06","guid":{"rendered":"https:\/\/wolfleather.art\/?page_id=46488"},"modified":"2026-02-24T16:14:06","modified_gmt":"2026-02-24T15:14:06","slug":"jak-se-zmerit","status":"publish","type":"page","link":"https:\/\/wolfleather.art\/en\/jak-se-zmerit\/","title":{"rendered":"How to measure yourself"},"content":{"rendered":"<style>.kb-row-layout-id46488_3b9bac-21 > .kt-row-column-wrap{align-content:start;}:where(.kb-row-layout-id46488_3b9bac-21 > .kt-row-column-wrap) > .wp-block-kadence-column{justify-content:start;}.kb-row-layout-id46488_3b9bac-21 > .kt-row-column-wrap{column-gap:var(--global-kb-gap-md, 2rem);row-gap:var(--global-kb-gap-md, 2rem);padding-top:var(--global-kb-spacing-sm, 1.5rem);padding-bottom:var(--global-kb-spacing-sm, 1.5rem);grid-template-columns:minmax(0, 1fr);}.kb-row-layout-id46488_3b9bac-21 > .kt-row-layout-overlay{opacity:0.30;}@media all and (max-width: 1024px){.kb-row-layout-id46488_3b9bac-21 > .kt-row-column-wrap{grid-template-columns:minmax(0, 1fr);}}@media all and (max-width: 767px){.kb-row-layout-id46488_3b9bac-21 > .kt-row-column-wrap{grid-template-columns:minmax(0, 1fr);}}<\/style><div class=\"kb-row-layout-wrap kb-row-layout-id46488_3b9bac-21 alignnone wp-block-kadence-rowlayout\"><div class=\"kt-row-column-wrap kt-has-1-columns kt-row-layout-equal kt-tab-layout-inherit kt-mobile-layout-row kt-row-valign-top\">\n<style>.kadence-column46488_1d146e-d2 > .kt-inside-inner-col,.kadence-column46488_1d146e-d2 > .kt-inside-inner-col:before{border-top-left-radius:0px;border-top-right-radius:0px;border-bottom-right-radius:0px;border-bottom-left-radius:0px;}.kadence-column46488_1d146e-d2 > .kt-inside-inner-col{column-gap:var(--global-kb-gap-sm, 1rem);}.kadence-column46488_1d146e-d2 > .kt-inside-inner-col{flex-direction:column;}.kadence-column46488_1d146e-d2 > .kt-inside-inner-col > .aligncenter{width:100%;}.kadence-column46488_1d146e-d2 > .kt-inside-inner-col:before{opacity:0.3;}.kadence-column46488_1d146e-d2{position:relative;}@media all and (max-width: 1024px){.kadence-column46488_1d146e-d2 > .kt-inside-inner-col{flex-direction:column;justify-content:center;}}@media all and (max-width: 767px){.kadence-column46488_1d146e-d2 > .kt-inside-inner-col{flex-direction:column;justify-content:center;}}<\/style>\n<div class=\"wp-block-kadence-column kadence-column46488_1d146e-d2\"><div class=\"kt-inside-inner-col\"><style>.wp-block-kadence-advancedheading.kt-adv-heading46488_649333-bc, .wp-block-kadence-advancedheading.kt-adv-heading46488_649333-bc[data-kb-block=\"kb-adv-heading46488_649333-bc\"]{font-style:normal;}.wp-block-kadence-advancedheading.kt-adv-heading46488_649333-bc mark.kt-highlight, .wp-block-kadence-advancedheading.kt-adv-heading46488_649333-bc[data-kb-block=\"kb-adv-heading46488_649333-bc\"] mark.kt-highlight{font-style:normal;color:#f76a0c;-webkit-box-decoration-break:clone;box-decoration-break:clone;padding-top:0px;padding-right:0px;padding-bottom:0px;padding-left:0px;}.wp-block-kadence-advancedheading.kt-adv-heading46488_649333-bc img.kb-inline-image, .wp-block-kadence-advancedheading.kt-adv-heading46488_649333-bc[data-kb-block=\"kb-adv-heading46488_649333-bc\"] img.kb-inline-image{width:150px;vertical-align:baseline;}<\/style>\n<h1 class=\"kt-adv-heading46488_649333-bc wp-block-kadence-advancedheading\" data-kb-block=\"kb-adv-heading46488_649333-bc\">How to measure yourself correctly<\/h1>\n\n\n<style>.kadence-column46488_ee9cf6-db > .kt-inside-inner-col,.kadence-column46488_ee9cf6-db > .kt-inside-inner-col:before{border-top-left-radius:0px;border-top-right-radius:0px;border-bottom-right-radius:0px;border-bottom-left-radius:0px;}.kadence-column46488_ee9cf6-db > .kt-inside-inner-col{column-gap:var(--global-kb-gap-sm, 1rem);}.kadence-column46488_ee9cf6-db > .kt-inside-inner-col{flex-direction:column;}.kadence-column46488_ee9cf6-db > .kt-inside-inner-col > .aligncenter{width:100%;}.kadence-column46488_ee9cf6-db > .kt-inside-inner-col:before{opacity:0.3;}.kadence-column46488_ee9cf6-db{position:relative;}@media all and (max-width: 1024px){.kadence-column46488_ee9cf6-db > .kt-inside-inner-col{flex-direction:column;justify-content:center;}}@media all and (max-width: 767px){.kadence-column46488_ee9cf6-db > .kt-inside-inner-col{flex-direction:column;justify-content:center;}}<\/style>\n<div class=\"wp-block-kadence-column kadence-column46488_ee9cf6-db\"><div class=\"kt-inside-inner-col\"><style>.wp-block-kadence-advancedheading.kt-adv-heading46488_451733-63, .wp-block-kadence-advancedheading.kt-adv-heading46488_451733-63[data-kb-block=\"kb-adv-heading46488_451733-63\"]{font-style:normal;}.wp-block-kadence-advancedheading.kt-adv-heading46488_451733-63 mark.kt-highlight, .wp-block-kadence-advancedheading.kt-adv-heading46488_451733-63[data-kb-block=\"kb-adv-heading46488_451733-63\"] mark.kt-highlight{font-style:normal;color:#f76a0c;-webkit-box-decoration-break:clone;box-decoration-break:clone;padding-top:0px;padding-right:0px;padding-bottom:0px;padding-left:0px;}.wp-block-kadence-advancedheading.kt-adv-heading46488_451733-63 img.kb-inline-image, .wp-block-kadence-advancedheading.kt-adv-heading46488_451733-63[data-kb-block=\"kb-adv-heading46488_451733-63\"] img.kb-inline-image{width:150px;vertical-align:baseline;}<\/style>\n<p class=\"kt-adv-heading46488_451733-63 wp-block-kadence-advancedheading\" data-kb-block=\"kb-adv-heading46488_451733-63\">All collars and handcuffs are made to measure according to the values you provide. The customer is responsible for the accuracy of the measurements provided - if the measurements are incorrect, we cannot adjust or alter the product free of charge. If you are unsure how to measure correctly, please contact us before placing your order.<\/p>\n\n\n<style>.kb-row-layout-id46488_97d5f9-09 > .kt-row-column-wrap{align-content:start;}:where(.kb-row-layout-id46488_97d5f9-09 > .kt-row-column-wrap) > .wp-block-kadence-column{justify-content:start;}.kb-row-layout-id46488_97d5f9-09 > .kt-row-column-wrap{column-gap:var(--global-kb-gap-md, 2rem);row-gap:var(--global-kb-gap-md, 2rem);padding-top:var(--global-kb-spacing-sm, 1.5rem);padding-bottom:var(--global-kb-spacing-sm, 1.5rem);grid-template-columns:repeat(2, minmax(0, 1fr));}.kb-row-layout-id46488_97d5f9-09 > .kt-row-layout-overlay{opacity:0.30;}@media all and (max-width: 1024px){.kb-row-layout-id46488_97d5f9-09 > .kt-row-column-wrap{grid-template-columns:repeat(2, minmax(0, 1fr));}}@media all and (max-width: 767px){.kb-row-layout-id46488_97d5f9-09 > .kt-row-column-wrap{grid-template-columns:minmax(0, 1fr);}.kb-row-layout-id46488_97d5f9-09 > .kt-row-column-wrap > .wp-block-kadence-column:nth-child(1 of *:not(style)){order:2;}.kb-row-layout-id46488_97d5f9-09 > .kt-row-column-wrap > .wp-block-kadence-column:nth-child(2 of *:not(style)){order:1;}.kb-row-layout-id46488_97d5f9-09 > .kt-row-column-wrap > .wp-block-kadence-column:nth-child(3 of *:not(style)){order:12;}.kb-row-layout-id46488_97d5f9-09 > .kt-row-column-wrap > .wp-block-kadence-column:nth-child(4 of *:not(style)){order:11;}.kb-row-layout-id46488_97d5f9-09 > .kt-row-column-wrap > .wp-block-kadence-column:nth-child(5 of *:not(style)){order:22;}.kb-row-layout-id46488_97d5f9-09 > .kt-row-column-wrap > .wp-block-kadence-column:nth-child(6 of *:not(style)){order:21;}.kb-row-layout-id46488_97d5f9-09 > .kt-row-column-wrap > .wp-block-kadence-column:nth-child(7 of *:not(style)){order:32;}.kb-row-layout-id46488_97d5f9-09 > .kt-row-column-wrap > .wp-block-kadence-column:nth-child(8 of *:not(style)){order:31;}}<\/style><div class=\"kb-row-layout-wrap kb-row-layout-id46488_97d5f9-09 alignnone wp-block-kadence-rowlayout\"><div class=\"kt-row-column-wrap kt-has-2-columns kt-row-layout-equal kt-tab-layout-inherit kt-mobile-layout-row kt-row-valign-top\">\n<style>.kadence-column46488_264165-42 > .kt-inside-inner-col,.kadence-column46488_264165-42 > .kt-inside-inner-col:before{border-top-left-radius:0px;border-top-right-radius:0px;border-bottom-right-radius:0px;border-bottom-left-radius:0px;}.kadence-column46488_264165-42 > .kt-inside-inner-col{column-gap:var(--global-kb-gap-sm, 1rem);}.kadence-column46488_264165-42 > .kt-inside-inner-col{flex-direction:column;}.kadence-column46488_264165-42 > .kt-inside-inner-col > .aligncenter{width:100%;}.kadence-column46488_264165-42 > .kt-inside-inner-col:before{opacity:0.3;}.kadence-column46488_264165-42{position:relative;}@media all and (max-width: 1024px){.kadence-column46488_264165-42 > .kt-inside-inner-col{flex-direction:column;justify-content:center;}}@media all and (max-width: 767px){.kadence-column46488_264165-42 > .kt-inside-inner-col{flex-direction:column;justify-content:center;}}<\/style>\n<div class=\"wp-block-kadence-column kadence-column46488_264165-42\"><div class=\"kt-inside-inner-col\"><style>.kb-image46488_811b0c-ca .kb-image-has-overlay:after{opacity:0.3;}<\/style>\n<figure class=\"wp-block-kadence-image kb-image46488_811b0c-ca size-full\"><img loading=\"lazy\" decoding=\"async\" width=\"512\" height=\"512\" src=\"https:\/\/wolfleather.art\/wp-content\/uploads\/2026\/02\/krk.jpeg\" alt=\"\" class=\"kb-img wp-image-46490\" srcset=\"https:\/\/wolfleather.art\/wp-content\/uploads\/2026\/02\/krk.jpeg 512w, https:\/\/wolfleather.art\/wp-content\/uploads\/2026\/02\/krk-300x300.jpeg 300w, https:\/\/wolfleather.art\/wp-content\/uploads\/2026\/02\/krk-150x150.jpeg 150w, https:\/\/wolfleather.art\/wp-content\/uploads\/2026\/02\/krk-100x100.jpeg 100w\" sizes=\"auto, (max-width: 512px) 100vw, 512px\" \/><\/figure>\n<\/div><\/div>\n\n\n<style>.kadence-column46488_17034a-ff > .kt-inside-inner-col,.kadence-column46488_17034a-ff > .kt-inside-inner-col:before{border-top-left-radius:0px;border-top-right-radius:0px;border-bottom-right-radius:0px;border-bottom-left-radius:0px;}.kadence-column46488_17034a-ff > .kt-inside-inner-col{column-gap:var(--global-kb-gap-sm, 1rem);}.kadence-column46488_17034a-ff > .kt-inside-inner-col{flex-direction:column;}.kadence-column46488_17034a-ff > .kt-inside-inner-col > .aligncenter{width:100%;}.kadence-column46488_17034a-ff > .kt-inside-inner-col:before{opacity:0.3;}.kadence-column46488_17034a-ff{position:relative;}@media all and (max-width: 1024px){.kadence-column46488_17034a-ff > .kt-inside-inner-col{flex-direction:column;justify-content:center;}}@media all and (max-width: 767px){.kadence-column46488_17034a-ff > .kt-inside-inner-col{flex-direction:column;justify-content:center;}}<\/style>\n<div class=\"wp-block-kadence-column kadence-column46488_17034a-ff\"><div class=\"kt-inside-inner-col\"><style>.wp-block-kadence-advancedheading.kt-adv-heading46488_985fb2-03, .wp-block-kadence-advancedheading.kt-adv-heading46488_985fb2-03[data-kb-block=\"kb-adv-heading46488_985fb2-03\"]{font-style:normal;}.wp-block-kadence-advancedheading.kt-adv-heading46488_985fb2-03 mark.kt-highlight, .wp-block-kadence-advancedheading.kt-adv-heading46488_985fb2-03[data-kb-block=\"kb-adv-heading46488_985fb2-03\"] mark.kt-highlight{font-style:normal;color:#f76a0c;-webkit-box-decoration-break:clone;box-decoration-break:clone;padding-top:0px;padding-right:0px;padding-bottom:0px;padding-left:0px;}.wp-block-kadence-advancedheading.kt-adv-heading46488_985fb2-03 img.kb-inline-image, .wp-block-kadence-advancedheading.kt-adv-heading46488_985fb2-03[data-kb-block=\"kb-adv-heading46488_985fb2-03\"] img.kb-inline-image{width:150px;vertical-align:baseline;}<\/style>\n<h3 class=\"kt-adv-heading46488_985fb2-03 wp-block-kadence-advancedheading\" data-kb-block=\"kb-adv-heading46488_985fb2-03\">How to measure your neck<\/h3>\n\n\n\n<p>Measure the circumference of the neck with a tailor's tape measure in the middle of the neck - where the collar will actually sit. Measure directly on the skin, the tape measure should fit snugly but not pinch. Ideally, one finger should fit under the tape measure. Do not round the measurement down.<\/p>\n<\/div><\/div>\n\n<\/div><\/div>\n\n<style>.kb-row-layout-id46488_dacb5b-7a > .kt-row-column-wrap{align-content:start;}:where(.kb-row-layout-id46488_dacb5b-7a > .kt-row-column-wrap) > .wp-block-kadence-column{justify-content:start;}.kb-row-layout-id46488_dacb5b-7a > .kt-row-column-wrap{column-gap:var(--global-kb-gap-md, 2rem);row-gap:var(--global-kb-gap-md, 2rem);padding-top:var(--global-kb-spacing-sm, 1.5rem);padding-bottom:var(--global-kb-spacing-sm, 1.5rem);grid-template-columns:repeat(2, minmax(0, 1fr));}.kb-row-layout-id46488_dacb5b-7a > .kt-row-layout-overlay{opacity:0.30;}@media all and (max-width: 1024px){.kb-row-layout-id46488_dacb5b-7a > .kt-row-column-wrap{grid-template-columns:repeat(2, minmax(0, 1fr));}}@media all and (max-width: 767px){.kb-row-layout-id46488_dacb5b-7a > .kt-row-column-wrap{grid-template-columns:minmax(0, 1fr);}}<\/style><div class=\"kb-row-layout-wrap kb-row-layout-id46488_dacb5b-7a alignnone wp-block-kadence-rowlayout\"><div class=\"kt-row-column-wrap kt-has-2-columns kt-row-layout-equal kt-tab-layout-inherit kt-mobile-layout-row kt-row-valign-top\">\n<style>.kadence-column46488_080a75-87 > .kt-inside-inner-col,.kadence-column46488_080a75-87 > .kt-inside-inner-col:before{border-top-left-radius:0px;border-top-right-radius:0px;border-bottom-right-radius:0px;border-bottom-left-radius:0px;}.kadence-column46488_080a75-87 > .kt-inside-inner-col{column-gap:var(--global-kb-gap-sm, 1rem);}.kadence-column46488_080a75-87 > .kt-inside-inner-col{flex-direction:column;}.kadence-column46488_080a75-87 > .kt-inside-inner-col > .aligncenter{width:100%;}.kadence-column46488_080a75-87 > .kt-inside-inner-col:before{opacity:0.3;}.kadence-column46488_080a75-87{position:relative;}@media all and (max-width: 1024px){.kadence-column46488_080a75-87 > .kt-inside-inner-col{flex-direction:column;justify-content:center;}}@media all and (max-width: 767px){.kadence-column46488_080a75-87 > .kt-inside-inner-col{flex-direction:column;justify-content:center;}}<\/style>\n<div class=\"wp-block-kadence-column kadence-column46488_080a75-87\"><div class=\"kt-inside-inner-col\"><style>.wp-block-kadence-advancedheading.kt-adv-heading46488_682d1c-f6, .wp-block-kadence-advancedheading.kt-adv-heading46488_682d1c-f6[data-kb-block=\"kb-adv-heading46488_682d1c-f6\"]{font-style:normal;}.wp-block-kadence-advancedheading.kt-adv-heading46488_682d1c-f6 mark.kt-highlight, .wp-block-kadence-advancedheading.kt-adv-heading46488_682d1c-f6[data-kb-block=\"kb-adv-heading46488_682d1c-f6\"] mark.kt-highlight{font-style:normal;color:#f76a0c;-webkit-box-decoration-break:clone;box-decoration-break:clone;padding-top:0px;padding-right:0px;padding-bottom:0px;padding-left:0px;}.wp-block-kadence-advancedheading.kt-adv-heading46488_682d1c-f6 img.kb-inline-image, .wp-block-kadence-advancedheading.kt-adv-heading46488_682d1c-f6[data-kb-block=\"kb-adv-heading46488_682d1c-f6\"] img.kb-inline-image{width:150px;vertical-align:baseline;}<\/style>\n<h3 class=\"kt-adv-heading46488_682d1c-f6 wp-block-kadence-advancedheading\" data-kb-block=\"kb-adv-heading46488_682d1c-f6\">How to measure your wrist<\/h3>\n\n\n\n<p>Measure the circumference of the wrist where the cuffs will sit - usually just above the wrist joints. Guide the tailor's tape measure tightly around the wrist so that it does not twist or fall, but does not cut into the skin. If you want the handcuffs rather tight, send the exact measurement. If you prefer a looser feel, add approximately 0.5-1 cm to the measured value and send this adjusted measurement.<\/p>\n<\/div><\/div>\n\n\n<style>.kadence-column46488_5c93c0-fc > .kt-inside-inner-col,.kadence-column46488_5c93c0-fc > .kt-inside-inner-col:before{border-top-left-radius:0px;border-top-right-radius:0px;border-bottom-right-radius:0px;border-bottom-left-radius:0px;}.kadence-column46488_5c93c0-fc > .kt-inside-inner-col{column-gap:var(--global-kb-gap-sm, 1rem);}.kadence-column46488_5c93c0-fc > .kt-inside-inner-col{flex-direction:column;}.kadence-column46488_5c93c0-fc > .kt-inside-inner-col > .aligncenter{width:100%;}.kadence-column46488_5c93c0-fc > .kt-inside-inner-col:before{opacity:0.3;}.kadence-column46488_5c93c0-fc{position:relative;}@media all and (max-width: 1024px){.kadence-column46488_5c93c0-fc > .kt-inside-inner-col{flex-direction:column;justify-content:center;}}@media all and (max-width: 767px){.kadence-column46488_5c93c0-fc > .kt-inside-inner-col{flex-direction:column;justify-content:center;}}<\/style>\n<div class=\"wp-block-kadence-column kadence-column46488_5c93c0-fc\"><div class=\"kt-inside-inner-col\"><style>.kb-image46488_090fdc-b2 .kb-image-has-overlay:after{opacity:0.3;}<\/style>\n<figure class=\"wp-block-kadence-image kb-image46488_090fdc-b2 size-full\"><img loading=\"lazy\" decoding=\"async\" width=\"512\" height=\"512\" src=\"https:\/\/wolfleather.art\/wp-content\/uploads\/2026\/02\/zapesti.png\" alt=\"\" class=\"kb-img wp-image-46491\" srcset=\"https:\/\/wolfleather.art\/wp-content\/uploads\/2026\/02\/zapesti.png 512w, https:\/\/wolfleather.art\/wp-content\/uploads\/2026\/02\/zapesti-300x300.png 300w, https:\/\/wolfleather.art\/wp-content\/uploads\/2026\/02\/zapesti-150x150.png 150w, https:\/\/wolfleather.art\/wp-content\/uploads\/2026\/02\/zapesti-100x100.png 100w\" sizes=\"auto, (max-width: 512px) 100vw, 512px\" \/><\/figure>\n<\/div><\/div>\n\n<\/div><\/div>\n\n<style>.kb-row-layout-id46488_43444c-92 > .kt-row-column-wrap{align-content:start;}:where(.kb-row-layout-id46488_43444c-92 > .kt-row-column-wrap) > .wp-block-kadence-column{justify-content:start;}.kb-row-layout-id46488_43444c-92 > .kt-row-column-wrap{column-gap:var(--global-kb-gap-md, 2rem);row-gap:var(--global-kb-gap-md, 2rem);padding-top:var(--global-kb-spacing-sm, 1.5rem);padding-bottom:var(--global-kb-spacing-sm, 1.5rem);grid-template-columns:repeat(2, minmax(0, 1fr));}.kb-row-layout-id46488_43444c-92 > .kt-row-layout-overlay{opacity:0.30;}@media all and (max-width: 1024px){.kb-row-layout-id46488_43444c-92 > .kt-row-column-wrap{grid-template-columns:repeat(2, minmax(0, 1fr));}}@media all and (max-width: 767px){.kb-row-layout-id46488_43444c-92 > .kt-row-column-wrap{grid-template-columns:minmax(0, 1fr);}.kb-row-layout-id46488_43444c-92 > .kt-row-column-wrap > .wp-block-kadence-column:nth-child(1 of *:not(style)){order:2;}.kb-row-layout-id46488_43444c-92 > .kt-row-column-wrap > .wp-block-kadence-column:nth-child(2 of *:not(style)){order:1;}.kb-row-layout-id46488_43444c-92 > .kt-row-column-wrap > .wp-block-kadence-column:nth-child(3 of *:not(style)){order:12;}.kb-row-layout-id46488_43444c-92 > .kt-row-column-wrap > .wp-block-kadence-column:nth-child(4 of *:not(style)){order:11;}.kb-row-layout-id46488_43444c-92 > .kt-row-column-wrap > .wp-block-kadence-column:nth-child(5 of *:not(style)){order:22;}.kb-row-layout-id46488_43444c-92 > .kt-row-column-wrap > .wp-block-kadence-column:nth-child(6 of *:not(style)){order:21;}.kb-row-layout-id46488_43444c-92 > .kt-row-column-wrap > .wp-block-kadence-column:nth-child(7 of *:not(style)){order:32;}.kb-row-layout-id46488_43444c-92 > .kt-row-column-wrap > .wp-block-kadence-column:nth-child(8 of *:not(style)){order:31;}}<\/style><div class=\"kb-row-layout-wrap kb-row-layout-id46488_43444c-92 alignnone wp-block-kadence-rowlayout\"><div class=\"kt-row-column-wrap kt-has-2-columns kt-row-layout-equal kt-tab-layout-inherit kt-mobile-layout-row kt-row-valign-top\">\n<style>.kadence-column46488_56f864-32 > .kt-inside-inner-col,.kadence-column46488_56f864-32 > .kt-inside-inner-col:before{border-top-left-radius:0px;border-top-right-radius:0px;border-bottom-right-radius:0px;border-bottom-left-radius:0px;}.kadence-column46488_56f864-32 > .kt-inside-inner-col{column-gap:var(--global-kb-gap-sm, 1rem);}.kadence-column46488_56f864-32 > .kt-inside-inner-col{flex-direction:column;}.kadence-column46488_56f864-32 > .kt-inside-inner-col > .aligncenter{width:100%;}.kadence-column46488_56f864-32 > .kt-inside-inner-col:before{opacity:0.3;}.kadence-column46488_56f864-32{position:relative;}@media all and (max-width: 1024px){.kadence-column46488_56f864-32 > .kt-inside-inner-col{flex-direction:column;justify-content:center;}}@media all and (max-width: 767px){.kadence-column46488_56f864-32 > .kt-inside-inner-col{flex-direction:column;justify-content:center;}}<\/style>\n<div class=\"wp-block-kadence-column kadence-column46488_56f864-32\"><div class=\"kt-inside-inner-col\"><style>.kb-image46488_362baa-2b .kb-image-has-overlay:after{opacity:0.3;}<\/style>\n<figure class=\"wp-block-kadence-image kb-image46488_362baa-2b size-full\"><img loading=\"lazy\" decoding=\"async\" width=\"512\" height=\"387\" src=\"https:\/\/wolfleather.art\/wp-content\/uploads\/2026\/02\/kotnik.jpeg\" alt=\"\" class=\"kb-img wp-image-46489\" srcset=\"https:\/\/wolfleather.art\/wp-content\/uploads\/2026\/02\/kotnik.jpeg 512w, https:\/\/wolfleather.art\/wp-content\/uploads\/2026\/02\/kotnik-300x227.jpeg 300w\" sizes=\"auto, (max-width: 512px) 100vw, 512px\" \/><\/figure>\n<\/div><\/div>\n\n\n<style>.kadence-column46488_deaa77-ef > .kt-inside-inner-col,.kadence-column46488_deaa77-ef > .kt-inside-inner-col:before{border-top-left-radius:0px;border-top-right-radius:0px;border-bottom-right-radius:0px;border-bottom-left-radius:0px;}.kadence-column46488_deaa77-ef > .kt-inside-inner-col{column-gap:var(--global-kb-gap-sm, 1rem);}.kadence-column46488_deaa77-ef > .kt-inside-inner-col{flex-direction:column;}.kadence-column46488_deaa77-ef > .kt-inside-inner-col > .aligncenter{width:100%;}.kadence-column46488_deaa77-ef > .kt-inside-inner-col:before{opacity:0.3;}.kadence-column46488_deaa77-ef{position:relative;}@media all and (max-width: 1024px){.kadence-column46488_deaa77-ef > .kt-inside-inner-col{flex-direction:column;justify-content:center;}}@media all and (max-width: 767px){.kadence-column46488_deaa77-ef > .kt-inside-inner-col{flex-direction:column;justify-content:center;}}<\/style>\n<div class=\"wp-block-kadence-column kadence-column46488_deaa77-ef\"><div class=\"kt-inside-inner-col\"><style>.wp-block-kadence-advancedheading.kt-adv-heading46488_7c1dae-3e, .wp-block-kadence-advancedheading.kt-adv-heading46488_7c1dae-3e[data-kb-block=\"kb-adv-heading46488_7c1dae-3e\"]{font-style:normal;}.wp-block-kadence-advancedheading.kt-adv-heading46488_7c1dae-3e mark.kt-highlight, .wp-block-kadence-advancedheading.kt-adv-heading46488_7c1dae-3e[data-kb-block=\"kb-adv-heading46488_7c1dae-3e\"] mark.kt-highlight{font-style:normal;color:#f76a0c;-webkit-box-decoration-break:clone;box-decoration-break:clone;padding-top:0px;padding-right:0px;padding-bottom:0px;padding-left:0px;}.wp-block-kadence-advancedheading.kt-adv-heading46488_7c1dae-3e img.kb-inline-image, .wp-block-kadence-advancedheading.kt-adv-heading46488_7c1dae-3e[data-kb-block=\"kb-adv-heading46488_7c1dae-3e\"] img.kb-inline-image{width:150px;vertical-align:baseline;}<\/style>\n<h3 class=\"kt-adv-heading46488_7c1dae-3e wp-block-kadence-advancedheading\" data-kb-block=\"kb-adv-heading46488_7c1dae-3e\">How to measure your ankle<\/h3>\n\n\n\n<p>Measure the circumference of the ankle just above the ankle bones - where the cuffs or anklets will sit. Stand up straight, with the leg in its natural position. Wrap the tailor's tape measure around the leg so that it is flush and does not cut anywhere. If you want a looser circumference, add approximately 0.5-1 cm to the measurement.<\/p>\n<\/div><\/div>\n\n<\/div><\/div><\/div><\/div>\n<\/div><\/div>\n\n<\/div><\/div>","protected":false},"excerpt":{"rendered":"<p>Jak se spr\u00e1vn\u011b zm\u011b\u0159it V\u0161echny obojky a pouta jsou vyr\u00e1b\u011bny p\u0159esn\u011b na m\u00edru podle hodnot, kter\u00e9 n\u00e1m poskytnete. Z\u00e1kazn\u00edk odpov\u00edd\u00e1 za spr\u00e1vnost zadan\u00fdch m\u011b\u0159en\u00ed \u2013 pokud je m\u00edra nespr\u00e1vn\u011b zm\u011b\u0159en\u00e1, nem\u016f\u017eeme v\u00fdrobek bezplatn\u011b upravovat ani m\u011bnit. Pokud si nejste jist\u00ed, jak spr\u00e1vn\u011b m\u011b\u0159it, kontaktujte n\u00e1s pros\u00edm je\u0161t\u011b p\u0159ed odesl\u00e1n\u00edm objedn\u00e1vky. Jak si zm\u011b\u0159it krk Obvod&#8230;<\/p>","protected":false},"author":1,"featured_media":0,"parent":0,"menu_order":0,"comment_status":"closed","ping_status":"closed","template":"","meta":{"_kad_blocks_custom_css":"","_kad_blocks_head_custom_js":"","_kad_blocks_body_custom_js":"","_kad_blocks_footer_custom_js":"","_kad_post_transparent":"","_kad_post_title":"","_kad_post_layout":"","_kad_post_sidebar_id":"","_kad_post_content_style":"","_kad_post_vertical_padding":"","_kad_post_feature":"","_kad_post_feature_position":"","_kad_post_header":false,"_kad_post_footer":false,"_kad_post_classname":"","footnotes":""},"class_list":["post-46488","page","type-page","status-publish","hentry"],"taxonomy_info":[],"featured_image_src_large":false,"author_info":{"display_name":"Wolf","author_link":"https:\/\/wolfleather.art\/en\/author\/wolf\/"},"comment_info":0,"_links":{"self":[{"href":"https:\/\/wolfleather.art\/en\/wp-json\/wp\/v2\/pages\/46488","targetHints":{"allow":["GET"]}}],"collection":[{"href":"https:\/\/wolfleather.art\/en\/wp-json\/wp\/v2\/pages"}],"about":[{"href":"https:\/\/wolfleather.art\/en\/wp-json\/wp\/v2\/types\/page"}],"author":[{"embeddable":true,"href":"https:\/\/wolfleather.art\/en\/wp-json\/wp\/v2\/users\/1"}],"replies":[{"embeddable":true,"href":"https:\/\/wolfleather.art\/en\/wp-json\/wp\/v2\/comments?post=46488"}],"version-history":[{"count":0,"href":"https:\/\/wolfleather.art\/en\/wp-json\/wp\/v2\/pages\/46488\/revisions"}],"wp:attachment":[{"href":"https:\/\/wolfleather.art\/en\/wp-json\/wp\/v2\/media?parent=46488"}],"curies":[{"name":"wp","href":"https:\/\/api.w.org\/{rel}","templated":true}]}}