{"id":46839,"date":"2026-04-05T15:11:11","date_gmt":"2026-04-05T13:11:11","guid":{"rendered":"https:\/\/wolfleather.art\/?post_type=product&#038;p=46839"},"modified":"2026-04-05T15:12:30","modified_gmt":"2026-04-05T13:12:30","slug":"kozena-skraboska-7","status":"publish","type":"product","link":"https:\/\/wolfleather.art\/de\/produkt\/kozena-skraboska-7\/","title":{"rendered":"Lederabstreifer 7"},"content":{"rendered":"<div style=\"padding: 3.5em 2.5em 3em 4.5em; border-radius: 16px; margin-top: 0;\">\n<p style=\"font-size: 1.1em; line-height: 1.7; margin-bottom: 2.5em;\"><strong>Lederabstreifer 7<\/strong> - Variante mit einer weicheren oberen Linie und etwas eckigeren R\u00e4ndern. Er deckt die Augenpartie gro\u00dfz\u00fcgig ab und bietet eine v\u00f6llig ungehinderte Blende, die f\u00fcr einen k\u00fchnen und ausgewogenen Blick sorgt.<\/p>\n<h3 style=\"color: #8b7355; border-bottom: 2px solid #8b7355; padding-bottom: 0.5em; margin-bottom: 2em;\">Solide Form und klare Linien<\/h3>\n<p style=\"line-height: 1.7; margin-bottom: 2em;\">Die Kratzerkappe besticht durch eine leichte Aussparung an der Oberseite, die sanft in die breiteren Seitenfl\u00e4chen \u00fcbergeht. Diese Form f\u00fcgt sich gut ein und setzt einen starken optischen Akzent auf dem Gesicht, ohne \u00fcberm\u00e4\u00dfig verschn\u00f6rkelt zu sein. Das Kalbsleder mit einer St\u00e4rke von 1,5-2 mm garantiert ausreichende Festigkeit und gleichzeitig eine angenehme Leichtigkeit, so dass die Kratzplatte nicht dr\u00fcckt und sich anpasst. Die Passform ist mit einem klassischen Gummiband f\u00fcr bequemen Sitz und Stabilit\u00e4t ausgelegt.<\/p>\n<h3 style=\"color: #8b7355; border-bottom: 2px solid #8b7355; padding-bottom: 0.5em; margin-bottom: 2em;\">Technische Daten<\/h3>\n<ul style=\"font-size: 1.05em; line-height: 1.6; margin-bottom: 2em;\">\n<li style=\"margin-bottom: 0.8em;\"><strong>Material:<\/strong> Kalbshaut<\/li>\n<li style=\"margin-bottom: 0.8em;\"><strong>Die Dicke:<\/strong> 1,5-2 mm<\/li>\n<li style=\"margin-bottom: 0.8em;\"><strong>Beilage:<\/strong> Rund um den Kopf auf dem Gummi<\/li>\n<li style=\"margin-bottom: 0.8em;\"><strong>Art:<\/strong> \u0160krabo\u0161ka<\/li>\n<\/ul>\n<\/div>","protected":false},"excerpt":{"rendered":"<p>Ko\u017een\u00e1 \u0161krabo\u0161ka 7 \u2013 varianta s m\u011bk\u010d\u00ed horn\u00ed lini\u00ed a lehce hranat\u011bj\u0161\u00edmi okraji. Poskytuje velkorys\u00e9 zakryt\u00ed o\u010dn\u00edho okol\u00ed s naprosto voln\u00fdm pr\u016fzorem, \u010d\u00edm\u017e vytv\u00e1\u0159\u00ed v\u00fdrazn\u00fd a vyv\u00e1\u017een\u00fd vzhled. Solidn\u00ed tvar a \u010dist\u00e9 linie \u0160krabo\u0161ka zaujme m\u00edrn\u00fdm vykrojen\u00edm v horn\u00ed \u010d\u00e1sti, kter\u00e9 se plynule zved\u00e1 do \u0161ir\u0161\u00edch bo\u010dn\u00edch ploch. Tento tvar dob\u0159e sed\u00ed a z\u00e1rove\u0148 tvo\u0159\u00ed&#8230;<\/p>","protected":false},"featured_media":46838,"comment_status":"closed","ping_status":"closed","template":"","meta":{"_kad_blocks_custom_css":"","_kad_blocks_head_custom_js":"","_kad_blocks_body_custom_js":"","_kad_blocks_footer_custom_js":"","_kad_post_transparent":"default","_kad_post_title":"","_kad_post_layout":"default","_kad_post_sidebar_id":"","_kad_post_content_style":"default","_kad_post_vertical_padding":"default","_kad_post_feature":"","_kad_post_feature_position":"","_kad_post_header":false,"_kad_post_footer":false,"_kad_post_classname":""},"product_brand":[],"product_cat":[295],"product_tag":[],"class_list":{"0":"post-46839","1":"product","2":"type-product","3":"status-publish","4":"has-post-thumbnail","6":"product_cat-masky","7":"tm-no-options","9":"first","10":"onbackorder","11":"shipping-taxable","12":"purchasable","13":"product-type-simple","14":"entry","15":"content-bg","16":"loop-entry"},"taxonomy_info":{"product_cat":[{"value":295,"label":"Masky"}]},"featured_image_src_large":["https:\/\/wolfleather.art\/wp-content\/uploads\/2026\/04\/wolf-leather_lLgisMvz.webp",1024,1024,false],"author_info":[],"comment_info":0,"_links":{"self":[{"href":"https:\/\/wolfleather.art\/de\/wp-json\/wp\/v2\/product\/46839","targetHints":{"allow":["GET"]}}],"collection":[{"href":"https:\/\/wolfleather.art\/de\/wp-json\/wp\/v2\/product"}],"about":[{"href":"https:\/\/wolfleather.art\/de\/wp-json\/wp\/v2\/types\/product"}],"replies":[{"embeddable":true,"href":"https:\/\/wolfleather.art\/de\/wp-json\/wp\/v2\/comments?post=46839"}],"wp:featuredmedia":[{"embeddable":true,"href":"https:\/\/wolfleather.art\/de\/wp-json\/wp\/v2\/media\/46838"}],"wp:attachment":[{"href":"https:\/\/wolfleather.art\/de\/wp-json\/wp\/v2\/media?parent=46839"}],"wp:term":[{"taxonomy":"product_brand","embeddable":true,"href":"https:\/\/wolfleather.art\/de\/wp-json\/wp\/v2\/product_brand?post=46839"},{"taxonomy":"product_cat","embeddable":true,"href":"https:\/\/wolfleather.art\/de\/wp-json\/wp\/v2\/product_cat?post=46839"},{"taxonomy":"product_tag","embeddable":true,"href":"https:\/\/wolfleather.art\/de\/wp-json\/wp\/v2\/product_tag?post=46839"}],"curies":[{"name":"wp","href":"https:\/\/api.w.org\/{rel}","templated":true}]}}