{"id":46835,"date":"2026-04-05T15:08:00","date_gmt":"2026-04-05T13:08:00","guid":{"rendered":"https:\/\/wolfleather.art\/?post_type=product&#038;p=46835"},"modified":"2026-04-05T15:09:21","modified_gmt":"2026-04-05T13:09:21","slug":"kozena-skraboska-5","status":"publish","type":"product","link":"https:\/\/wolfleather.art\/de\/produkt\/kozena-skraboska-5\/","title":{"rendered":"Lederabstreifer 5"},"content":{"rendered":"<div style=\"padding: 3.5em 2.5em 3em 4.5em; border-radius: 16px; margin-top: 0;\">\n<p style=\"font-size: 1.1em; line-height: 1.7; margin-bottom: 2.5em;\"><strong>Lederabstreifer 5<\/strong> - komplexes, detailliertes, von der Fantasie inspiriertes Design. Offene \u00d6ffnungen und geschichtete Kurven machen ihn zu einem unverwechselbaren \u00e4sthetischen St\u00fcck, das die Aufmerksamkeit auf sich zieht.<\/p>\n<h3 style=\"color: #8b7355; border-bottom: 2px solid #8b7355; padding-bottom: 0.5em; margin-bottom: 2em;\">Dekorative und dynamische Form<\/h3>\n<p style=\"line-height: 1.7; margin-bottom: 2em;\">Der Schaber hat eine subtile Formgebung - die Seitenkanten laufen nach au\u00dfen und unten in spitzere Spitzen aus und verleihen ihm ein fast gefl\u00fcgeltes, ornamentales Aussehen. Die Bullaugen sind vollst\u00e4ndig ge\u00f6ffnet und ihre Form folgt nat\u00fcrlich der Gesamtdynamik der Maske. Das 1,5-2 mm dicke Kalbsleder sorgt daf\u00fcr, dass die Maske trotz ihrer komplexen Form leicht und bequem bleibt. Ein Gummizug um den Kopf herum sorgt daf\u00fcr, dass der Schaber auch in Bewegung sicher sitzt.<\/p>\n<h3 style=\"color: #8b7355; border-bottom: 2px solid #8b7355; padding-bottom: 0.5em; margin-bottom: 2em;\">Technische Daten<\/h3>\n<ul style=\"font-size: 1.05em; line-height: 1.6; margin-bottom: 2em;\">\n<li style=\"margin-bottom: 0.8em;\"><strong>Material:<\/strong> Kalbshaut<\/li>\n<li style=\"margin-bottom: 0.8em;\"><strong>Die Dicke:<\/strong> 1,5-2 mm<\/li>\n<li style=\"margin-bottom: 0.8em;\"><strong>Beilage:<\/strong> Rund um den Kopf auf dem Gummi<\/li>\n<li style=\"margin-bottom: 0.8em;\"><strong>Art:<\/strong> \u0160krabo\u0161ka<\/li>\n<\/ul>\n<\/div>","protected":false},"excerpt":{"rendered":"<p>Ko\u017een\u00e1 \u0161krabo\u0161ka 5 \u2013 komplexn\u00ed, detailn\u011b tvarovan\u00fd design inspirovan\u00fd fantasy motivy. Otev\u0159en\u00e9 pr\u016fzory a vrstven\u00e9 k\u0159ivky z n\u00ed d\u011blaj\u00ed v\u00fdrazn\u00fd estetick\u00fd kousek, kter\u00fd p\u0159itahuje pozornost. Zdobn\u00e1 a dynamick\u00e1 forma \u0160krabo\u0161ka vyu\u017e\u00edv\u00e1 rafinovan\u00e9 tvarov\u00e1n\u00ed \u2013 bo\u010dn\u00ed okraje se protahuj\u00ed do ost\u0159ej\u0161\u00edch \u0161pi\u010dek sm\u011brem ven i dol\u016f, co\u017e j\u00ed d\u00e1v\u00e1 t\u00e9m\u011b\u0159 k\u0159\u00eddlat\u00fd, ornament\u00e1ln\u00ed vzhled. Pr\u016fzory jsou pln\u011b&#8230;<\/p>","protected":false},"featured_media":46836,"comment_status":"closed","ping_status":"closed","template":"","meta":{"_kad_blocks_custom_css":"","_kad_blocks_head_custom_js":"","_kad_blocks_body_custom_js":"","_kad_blocks_footer_custom_js":"","_kad_post_transparent":"default","_kad_post_title":"","_kad_post_layout":"default","_kad_post_sidebar_id":"","_kad_post_content_style":"default","_kad_post_vertical_padding":"default","_kad_post_feature":"","_kad_post_feature_position":"","_kad_post_header":false,"_kad_post_footer":false,"_kad_post_classname":""},"product_brand":[],"product_cat":[295],"product_tag":[],"class_list":{"0":"post-46835","1":"product","2":"type-product","3":"status-publish","4":"has-post-thumbnail","6":"product_cat-masky","7":"tm-no-options","9":"first","10":"onbackorder","11":"shipping-taxable","12":"purchasable","13":"product-type-simple","14":"entry","15":"content-bg","16":"loop-entry"},"taxonomy_info":{"product_cat":[{"value":295,"label":"Masky"}]},"featured_image_src_large":["https:\/\/wolfleather.art\/wp-content\/uploads\/2026\/04\/wolf-leather_rjXl7zNA.webp",1024,1024,false],"author_info":[],"comment_info":0,"_links":{"self":[{"href":"https:\/\/wolfleather.art\/de\/wp-json\/wp\/v2\/product\/46835","targetHints":{"allow":["GET"]}}],"collection":[{"href":"https:\/\/wolfleather.art\/de\/wp-json\/wp\/v2\/product"}],"about":[{"href":"https:\/\/wolfleather.art\/de\/wp-json\/wp\/v2\/types\/product"}],"replies":[{"embeddable":true,"href":"https:\/\/wolfleather.art\/de\/wp-json\/wp\/v2\/comments?post=46835"}],"wp:featuredmedia":[{"embeddable":true,"href":"https:\/\/wolfleather.art\/de\/wp-json\/wp\/v2\/media\/46836"}],"wp:attachment":[{"href":"https:\/\/wolfleather.art\/de\/wp-json\/wp\/v2\/media?parent=46835"}],"wp:term":[{"taxonomy":"product_brand","embeddable":true,"href":"https:\/\/wolfleather.art\/de\/wp-json\/wp\/v2\/product_brand?post=46835"},{"taxonomy":"product_cat","embeddable":true,"href":"https:\/\/wolfleather.art\/de\/wp-json\/wp\/v2\/product_cat?post=46835"},{"taxonomy":"product_tag","embeddable":true,"href":"https:\/\/wolfleather.art\/de\/wp-json\/wp\/v2\/product_tag?post=46835"}],"curies":[{"name":"wp","href":"https:\/\/api.w.org\/{rel}","templated":true}]}}