{"id":46833,"date":"2026-04-05T15:02:10","date_gmt":"2026-04-05T13:02:10","guid":{"rendered":"https:\/\/wolfleather.art\/?post_type=product&#038;p=46833"},"modified":"2026-04-05T15:07:45","modified_gmt":"2026-04-05T13:07:45","slug":"kozena-skraboska-4","status":"publish","type":"product","link":"https:\/\/wolfleather.art\/de\/produkt\/kozena-skraboska-4\/","title":{"rendered":"Lederabstreifer 4"},"content":{"rendered":"<div style=\"padding: 3.5em 2.5em 3em 4.5em; border-radius: 16px; margin-top: 0;\">\n<p style=\"font-size: 1.1em; line-height: 1.7; margin-bottom: 2.5em;\"><strong>Lederabstreifer 4<\/strong> - Eine scharf geschnittene geometrische Variante f\u00fcr alle, die einen kompromisslosen und modernen Look suchen. Die markanten geschlitzten Linien und der offene Look machen es zu einem dominanten Element jedes Outfits.<\/p>\n<h3 style=\"color: #8b7355; border-bottom: 2px solid #8b7355; padding-bottom: 0.5em; margin-bottom: 2em;\">Geometrische Pr\u00e4zision und r\u00e4uberischer Ausdruck<\/h3>\n<p style=\"line-height: 1.7; margin-bottom: 2em;\">Der Scratchbuckle ist auf markanten, scharfkantigen Stacheln oben und unten aufgebaut, die ihm eine dynamische, fast superheldenhafte Silhouette verleihen. Die Visiere lassen die Augen frei, aber ihre Form folgt der Sch\u00e4rfe der gesamten Maske. Das 1,5 bis 2 mm dicke Kalbsleder bietet die n\u00f6tige Festigkeit, um die Form zu erhalten, ist aber dennoch leicht und biegsam genug f\u00fcr ein angenehmes Tragen. Ein Gummizug um den Kopf h\u00e4lt die Maske sicher in Position.<\/p>\n<h3 style=\"color: #8b7355; border-bottom: 2px solid #8b7355; padding-bottom: 0.5em; margin-bottom: 2em;\">Technische Daten<\/h3>\n<ul style=\"font-size: 1.05em; line-height: 1.6; margin-bottom: 2em;\">\n<li style=\"margin-bottom: 0.8em;\"><strong>Material:<\/strong> Kalbshaut<\/li>\n<li style=\"margin-bottom: 0.8em;\"><strong>Die Dicke:<\/strong> 1,5-2 mm<\/li>\n<li style=\"margin-bottom: 0.8em;\"><strong>Beilage:<\/strong> Rund um den Kopf auf dem Gummi<\/li>\n<li style=\"margin-bottom: 0.8em;\"><strong>Art:<\/strong> \u0160krabo\u0161ka<\/li>\n<\/ul>\n<\/div>","protected":false},"excerpt":{"rendered":"<p>Ko\u017een\u00e1 \u0161krabo\u0161ka 4 \u2013 ost\u0159e \u0159ezan\u00e1 geometrick\u00e1 varianta pro ty, kdo hledaj\u00ed nekompromisn\u00ed a modern\u00ed vzhled. V\u00fdrazn\u00e9 lomen\u00e9 linie a otev\u0159en\u00fd pohled z n\u00ed d\u011blaj\u00ed dominantn\u00ed prvek ka\u017ed\u00e9ho outfitu. Geometrick\u00e1 p\u0159esnost a drav\u00fd v\u00fdraz \u0160krabo\u0161ka stav\u00ed na v\u00fdrazn\u00fdch, ost\u0159e lomen\u00fdch hrotech v horn\u00ed i spodn\u00ed \u010d\u00e1sti, kter\u00e9 j\u00ed dod\u00e1vaj\u00ed dynamickou, a\u017e superhrdinskou siluetu. Pr\u016fzory nech\u00e1vaj\u00ed&#8230;<\/p>","protected":false},"featured_media":46834,"comment_status":"closed","ping_status":"closed","template":"","meta":{"_kad_blocks_custom_css":"","_kad_blocks_head_custom_js":"","_kad_blocks_body_custom_js":"","_kad_blocks_footer_custom_js":"","_kad_post_transparent":"default","_kad_post_title":"","_kad_post_layout":"default","_kad_post_sidebar_id":"","_kad_post_content_style":"default","_kad_post_vertical_padding":"default","_kad_post_feature":"","_kad_post_feature_position":"","_kad_post_header":false,"_kad_post_footer":false,"_kad_post_classname":""},"product_brand":[],"product_cat":[295],"product_tag":[],"class_list":{"0":"post-46833","1":"product","2":"type-product","3":"status-publish","4":"has-post-thumbnail","6":"product_cat-masky","7":"tm-no-options","9":"first","10":"onbackorder","11":"shipping-taxable","12":"purchasable","13":"product-type-simple","14":"entry","15":"content-bg","16":"loop-entry"},"taxonomy_info":{"product_cat":[{"value":295,"label":"Masky"}]},"featured_image_src_large":["https:\/\/wolfleather.art\/wp-content\/uploads\/2026\/04\/wolf-leather_fV2aILOL.webp",1024,1024,false],"author_info":[],"comment_info":0,"_links":{"self":[{"href":"https:\/\/wolfleather.art\/de\/wp-json\/wp\/v2\/product\/46833","targetHints":{"allow":["GET"]}}],"collection":[{"href":"https:\/\/wolfleather.art\/de\/wp-json\/wp\/v2\/product"}],"about":[{"href":"https:\/\/wolfleather.art\/de\/wp-json\/wp\/v2\/types\/product"}],"replies":[{"embeddable":true,"href":"https:\/\/wolfleather.art\/de\/wp-json\/wp\/v2\/comments?post=46833"}],"wp:featuredmedia":[{"embeddable":true,"href":"https:\/\/wolfleather.art\/de\/wp-json\/wp\/v2\/media\/46834"}],"wp:attachment":[{"href":"https:\/\/wolfleather.art\/de\/wp-json\/wp\/v2\/media?parent=46833"}],"wp:term":[{"taxonomy":"product_brand","embeddable":true,"href":"https:\/\/wolfleather.art\/de\/wp-json\/wp\/v2\/product_brand?post=46833"},{"taxonomy":"product_cat","embeddable":true,"href":"https:\/\/wolfleather.art\/de\/wp-json\/wp\/v2\/product_cat?post=46833"},{"taxonomy":"product_tag","embeddable":true,"href":"https:\/\/wolfleather.art\/de\/wp-json\/wp\/v2\/product_tag?post=46833"}],"curies":[{"name":"wp","href":"https:\/\/api.w.org\/{rel}","templated":true}]}}