{"id":46829,"date":"2026-04-05T14:47:08","date_gmt":"2026-04-05T12:47:08","guid":{"rendered":"https:\/\/wolfleather.art\/?post_type=product&#038;p=46829"},"modified":"2026-04-05T14:49:27","modified_gmt":"2026-04-05T12:49:27","slug":"kozena-skraboska-2","status":"publish","type":"product","link":"https:\/\/wolfleather.art\/de\/produkt\/kozena-skraboska-2\/","title":{"rendered":"Lederabstreifer 2"},"content":{"rendered":"<div style=\"padding: 3.5em 2.5em 3em 4.5em; border-radius: 16px; margin-top: 0;\">\n<p style=\"font-size: 1.1em; line-height: 1.7; margin-bottom: 2.5em;\"><strong>Lederabstreifer 2<\/strong> - eine feinere Version mit klaren Aussparungen und eleganten Linien. Der offene Look und die leicht angehobenen Seitenspitzen sorgen f\u00fcr ein Gleichgewicht zwischen Verspieltheit und Schlichtheit.<\/p>\n<h3 style=\"color: #8b7355; border-bottom: 2px solid #8b7355; padding-bottom: 0.5em; margin-bottom: 2em;\">Leichte Form mit katzenhaftem Touch<\/h3>\n<p style=\"line-height: 1.7; margin-bottom: 2em;\">Das Scrunchie ist um die Augen herum so geformt, dass der Blick v\u00f6llig frei bleibt, w\u00e4hrend die obere Linie in einem sanften Bogen in der Mitte ansteigt und an den Seiten leicht ansteigt. Es wirkt weicher als die sch\u00e4rferen Katzenversionen, beh\u00e4lt aber dennoch einen unverwechselbaren Charakter. Das 1,5-2 mm dicke Kalbsleder ist leicht, bequem und passt sich gut an das Gesicht an, w\u00e4hrend der elastische Sitz um den Kopf herum f\u00fcr einen bequemen und stabilen Sitz sorgt.<\/p>\n<h3 style=\"color: #8b7355; border-bottom: 2px solid #8b7355; padding-bottom: 0.5em; margin-bottom: 2em;\">Technische Daten<\/h3>\n<ul style=\"font-size: 1.05em; line-height: 1.6; margin-bottom: 2em;\">\n<li style=\"margin-bottom: 0.8em;\"><strong>Material:<\/strong> Kalbshaut<\/li>\n<li style=\"margin-bottom: 0.8em;\"><strong>Die Dicke:<\/strong> 1,5-2 mm<\/li>\n<li style=\"margin-bottom: 0.8em;\"><strong>Beilage:<\/strong> Rund um den Kopf auf dem Gummi<\/li>\n<li style=\"margin-bottom: 0.8em;\"><strong>Art:<\/strong> \u0160krabo\u0161ka<\/li>\n<\/ul>\n<\/div>","protected":false},"excerpt":{"rendered":"<p>Ko\u017een\u00e1 \u0161krabo\u0161ka 2 \u2013 jemn\u011bj\u0161\u00ed varianta s \u010dist\u00fdmi v\u00fd\u0159ezy a elegantn\u00ed lini\u00ed. Otev\u0159en\u00fd pohled a lehce zvednut\u00e9 bo\u010dn\u00ed \u0161pi\u010dky j\u00ed d\u00e1vaj\u00ed vyv\u00e1\u017een\u00fd pom\u011br mezi hravost\u00ed a jednoduchost\u00ed. Lehk\u00fd tvar s ko\u010di\u010d\u00edm n\u00e1dechem \u0160krabo\u0161ka je tvarovan\u00e1 kolem o\u010d\u00ed tak, aby nechala pohled zcela voln\u00fd, zat\u00edmco horn\u00ed linie ve st\u0159edu stoup\u00e1 do jemn\u00e9ho oblouku a po stran\u00e1ch&#8230;<\/p>","protected":false},"featured_media":46830,"comment_status":"closed","ping_status":"closed","template":"","meta":{"_kad_blocks_custom_css":"","_kad_blocks_head_custom_js":"","_kad_blocks_body_custom_js":"","_kad_blocks_footer_custom_js":"","_kad_post_transparent":"default","_kad_post_title":"","_kad_post_layout":"default","_kad_post_sidebar_id":"","_kad_post_content_style":"default","_kad_post_vertical_padding":"default","_kad_post_feature":"","_kad_post_feature_position":"","_kad_post_header":false,"_kad_post_footer":false,"_kad_post_classname":""},"product_brand":[],"product_cat":[295],"product_tag":[],"class_list":{"0":"post-46829","1":"product","2":"type-product","3":"status-publish","4":"has-post-thumbnail","6":"product_cat-masky","7":"tm-no-options","9":"first","10":"onbackorder","11":"shipping-taxable","12":"purchasable","13":"product-type-simple","14":"entry","15":"content-bg","16":"loop-entry"},"taxonomy_info":{"product_cat":[{"value":295,"label":"Masky"}]},"featured_image_src_large":["https:\/\/wolfleather.art\/wp-content\/uploads\/2026\/04\/wolf-leather_bp99ZLxI.webp",1024,1024,false],"author_info":[],"comment_info":0,"_links":{"self":[{"href":"https:\/\/wolfleather.art\/de\/wp-json\/wp\/v2\/product\/46829","targetHints":{"allow":["GET"]}}],"collection":[{"href":"https:\/\/wolfleather.art\/de\/wp-json\/wp\/v2\/product"}],"about":[{"href":"https:\/\/wolfleather.art\/de\/wp-json\/wp\/v2\/types\/product"}],"replies":[{"embeddable":true,"href":"https:\/\/wolfleather.art\/de\/wp-json\/wp\/v2\/comments?post=46829"}],"wp:featuredmedia":[{"embeddable":true,"href":"https:\/\/wolfleather.art\/de\/wp-json\/wp\/v2\/media\/46830"}],"wp:attachment":[{"href":"https:\/\/wolfleather.art\/de\/wp-json\/wp\/v2\/media?parent=46829"}],"wp:term":[{"taxonomy":"product_brand","embeddable":true,"href":"https:\/\/wolfleather.art\/de\/wp-json\/wp\/v2\/product_brand?post=46829"},{"taxonomy":"product_cat","embeddable":true,"href":"https:\/\/wolfleather.art\/de\/wp-json\/wp\/v2\/product_cat?post=46829"},{"taxonomy":"product_tag","embeddable":true,"href":"https:\/\/wolfleather.art\/de\/wp-json\/wp\/v2\/product_tag?post=46829"}],"curies":[{"name":"wp","href":"https:\/\/api.w.org\/{rel}","templated":true}]}}