{"id":46827,"date":"2026-04-05T14:44:30","date_gmt":"2026-04-05T12:44:30","guid":{"rendered":"https:\/\/wolfleather.art\/?post_type=product&#038;p=46827"},"modified":"2026-04-05T14:46:54","modified_gmt":"2026-04-05T12:46:54","slug":"kozena-skraboska-1","status":"publish","type":"product","link":"https:\/\/wolfleather.art\/de\/produkt\/kozena-skraboska-1\/","title":{"rendered":"Lederabstreifer 1"},"content":{"rendered":"<div style=\"padding: 3.5em 2.5em 3em 4.5em; border-radius: 16px; margin-top: 0;\">\n<p style=\"font-size: 1.1em; line-height: 1.7; margin-bottom: 2.5em;\"><strong>Lederabstreifer 1<\/strong> - ein auff\u00e4lliges Accessoire mit einer Katzensilhouette f\u00fcr alle, die mehr als nur Augenschutz wollen. Offene \u00d6ffnungen und sch\u00e4rfere Linien verleihen diesem Kratzer einen deutlich dekorativen und stilvollen Charakter.<\/p>\n<h3 style=\"color: #8b7355; border-bottom: 2px solid #8b7355; padding-bottom: 0.5em; margin-bottom: 2em;\">Katzenhafter Ausdruck und offener Blick<\/h3>\n<p style=\"line-height: 1.7; margin-bottom: 2em;\">Der Kratzer ist um die Augen herum geformt und l\u00e4sst den Blick frei, w\u00e4hrend die obere Linie mit einem Paar markanter Spitzen an Katzenohren erinnert. Dadurch wirkt er verspielt, selbstbewusst und viel mehr wie ein stilvolles optisches Element als ein klassischer Kratzbaum. Das 1,5-2 mm dicke Kalbsleder ist leicht, bequem und passt sich gut an das Gesicht an, w\u00e4hrend der elastische Sitz um den Kopf herum f\u00fcr einen angenehmen Tragekomfort sorgt.<\/p>\n<h3 style=\"color: #8b7355; border-bottom: 2px solid #8b7355; padding-bottom: 0.5em; margin-bottom: 2em;\">Technische Daten<\/h3>\n<ul style=\"font-size: 1.05em; line-height: 1.6; margin-bottom: 2em;\">\n<li style=\"margin-bottom: 0.8em;\"><strong>Material:<\/strong> Kalbshaut<\/li>\n<li style=\"margin-bottom: 0.8em;\"><strong>Die Dicke:<\/strong> 1,5-2 mm<\/li>\n<li style=\"margin-bottom: 0.8em;\"><strong>Beilage:<\/strong> Rund um den Kopf auf dem Gummi<\/li>\n<li style=\"margin-bottom: 0.8em;\"><strong>Art:<\/strong> \u0160krabo\u0161ka<\/li>\n<\/ul>\n<\/div>","protected":false},"excerpt":{"rendered":"<p>Ko\u017een\u00e1 \u0161krabo\u0161ka 1 \u2013 v\u00fdrazn\u00fd dopln\u011bk s ko\u010di\u010d\u00ed siluetou pro ty, kdo cht\u011bj\u00ed v\u00edc ne\u017e jen zakryt\u00ed o\u010d\u00ed. Otev\u0159en\u00e9 pr\u016fzory a ost\u0159ej\u0161\u00ed linie d\u00e1vaj\u00ed t\u00e9to \u0161krabo\u0161ce jasn\u011b dekorativn\u00ed a stylov\u00fd charakter. Ko\u010di\u010d\u00ed v\u00fdraz a otev\u0159en\u00fd pohled \u0160krabo\u0161ka je tvarovan\u00e1 kolem o\u010d\u00ed a nech\u00e1v\u00e1 pohled voln\u00fd, zat\u00edmco horn\u00ed linie s dvojic\u00ed v\u00fdrazn\u00fdch \u0161pi\u010dek p\u0159ipom\u00edn\u00e1 ko\u010di\u010d\u00ed u\u0161i&#8230;.<\/p>","protected":false},"featured_media":46828,"comment_status":"closed","ping_status":"closed","template":"","meta":{"_kad_blocks_custom_css":"","_kad_blocks_head_custom_js":"","_kad_blocks_body_custom_js":"","_kad_blocks_footer_custom_js":"","_kad_post_transparent":"default","_kad_post_title":"","_kad_post_layout":"default","_kad_post_sidebar_id":"","_kad_post_content_style":"default","_kad_post_vertical_padding":"default","_kad_post_feature":"","_kad_post_feature_position":"","_kad_post_header":false,"_kad_post_footer":false,"_kad_post_classname":""},"product_brand":[],"product_cat":[295],"product_tag":[],"class_list":{"0":"post-46827","1":"product","2":"type-product","3":"status-publish","4":"has-post-thumbnail","6":"product_cat-masky","7":"tm-no-options","9":"first","10":"onbackorder","11":"shipping-taxable","12":"purchasable","13":"product-type-simple","14":"entry","15":"content-bg","16":"loop-entry"},"taxonomy_info":{"product_cat":[{"value":295,"label":"Masky"}]},"featured_image_src_large":["https:\/\/wolfleather.art\/wp-content\/uploads\/2026\/04\/wolf-leather_rQ3pOq9l.webp",1024,1024,false],"author_info":[],"comment_info":0,"_links":{"self":[{"href":"https:\/\/wolfleather.art\/de\/wp-json\/wp\/v2\/product\/46827","targetHints":{"allow":["GET"]}}],"collection":[{"href":"https:\/\/wolfleather.art\/de\/wp-json\/wp\/v2\/product"}],"about":[{"href":"https:\/\/wolfleather.art\/de\/wp-json\/wp\/v2\/types\/product"}],"replies":[{"embeddable":true,"href":"https:\/\/wolfleather.art\/de\/wp-json\/wp\/v2\/comments?post=46827"}],"wp:featuredmedia":[{"embeddable":true,"href":"https:\/\/wolfleather.art\/de\/wp-json\/wp\/v2\/media\/46828"}],"wp:attachment":[{"href":"https:\/\/wolfleather.art\/de\/wp-json\/wp\/v2\/media?parent=46827"}],"wp:term":[{"taxonomy":"product_brand","embeddable":true,"href":"https:\/\/wolfleather.art\/de\/wp-json\/wp\/v2\/product_brand?post=46827"},{"taxonomy":"product_cat","embeddable":true,"href":"https:\/\/wolfleather.art\/de\/wp-json\/wp\/v2\/product_cat?post=46827"},{"taxonomy":"product_tag","embeddable":true,"href":"https:\/\/wolfleather.art\/de\/wp-json\/wp\/v2\/product_tag?post=46827"}],"curies":[{"name":"wp","href":"https:\/\/api.w.org\/{rel}","templated":true}]}}