{"id":46823,"date":"2026-04-05T14:39:09","date_gmt":"2026-04-05T12:39:09","guid":{"rendered":"https:\/\/wolfleather.art\/?post_type=product&#038;p=46823"},"modified":"2026-04-05T14:42:12","modified_gmt":"2026-04-05T12:42:12","slug":"kozena-maska-na-oci-7","status":"publish","type":"product","link":"https:\/\/wolfleather.art\/de\/produkt\/kozena-maska-na-oci-7\/","title":{"rendered":"Augenmaske aus Leder 7"},"content":{"rendered":"<div style=\"padding: 3.5em 2.5em 3em 4.5em; border-radius: 16px; margin-top: 0;\">\n<p style=\"font-size: 1.1em; line-height: 1.7; margin-bottom: 2.5em;\"><strong>Augenmaske aus Leder 7<\/strong> - reine Variante mit H\u00f6rnern. Die glatte Grundfl\u00e4che wird durch ein Paar h\u00f6here Spitzen erg\u00e4nzt, die der Maske einen verspielten, aber dennoch strengen Charakter verleihen.<\/p>\n<h3 style=\"color: #8b7355; border-bottom: 2px solid #8b7355; padding-bottom: 0.5em; margin-bottom: 2em;\">Einfache Form mit wilderem Akzent<\/h3>\n<p style=\"line-height: 1.7; margin-bottom: 2em;\">Die Maske bedeckt die Augen in voller Breite und baut auf einer glatten, kompakten Silhouette auf, die oben von zwei sch\u00e4rferen Spitzen unterbrochen wird, die an Hornhaut erinnern. Im Vergleich zu den weicheren Versionen wirkt sie geradliniger und grafischer. Das 1,5-2 mm dicke Kalbsleder sorgt f\u00fcr Leichtigkeit, Komfort und angenehme Geschmeidigkeit, w\u00e4hrend der elastische Sitz um den Kopf herum die Maske sicher an ihrem Platz h\u00e4lt.<\/p>\n<h3 style=\"color: #8b7355; border-bottom: 2px solid #8b7355; padding-bottom: 0.5em; margin-bottom: 2em;\">Technische Daten<\/h3>\n<ul style=\"font-size: 1.05em; line-height: 1.6; margin-bottom: 2em;\">\n<li style=\"margin-bottom: 0.8em;\"><strong>Material:<\/strong> Kalbshaut<\/li>\n<li style=\"margin-bottom: 0.8em;\"><strong>Die Dicke:<\/strong> 1,5-2 mm<\/li>\n<li style=\"margin-bottom: 0.8em;\"><strong>Beilage:<\/strong> Rund um den Kopf auf dem Gummi<\/li>\n<li style=\"margin-bottom: 0.8em;\"><strong>Art:<\/strong> Augenmaske<\/li>\n<\/ul>\n<\/div>","protected":false},"excerpt":{"rendered":"<p>Ko\u017een\u00e1 maska na o\u010di 7 \u2013 \u010dist\u00e1 varianta s r\u016f\u017eky. Hladk\u00e1 z\u00e1kladn\u00ed plocha je dopln\u011bn\u00e1 dvojic\u00ed vy\u0161\u0161\u00edch \u0161pi\u010dek, kter\u00e9 masce d\u00e1vaj\u00ed hrav\u00fd, ale st\u00e1le stroh\u00fd charakter. Jednoduch\u00fd tvar s divo\u010dej\u0161\u00edm akcentem Maska kryje o\u010di v pln\u00e9 \u0161\u00ed\u0159ce a stav\u00ed na hladk\u00e9, kompaktn\u00ed siluet\u011b, kterou naho\u0159e naru\u0161uj\u00ed dv\u011b ost\u0159ej\u0161\u00ed \u0161pi\u010dky p\u0159ipom\u00ednaj\u00edc\u00ed r\u016f\u017eky. Oproti m\u011bk\u010deji tvarovan\u00fdm variant\u00e1m&#8230;<\/p>","protected":false},"featured_media":46824,"comment_status":"closed","ping_status":"closed","template":"","meta":{"_kad_blocks_custom_css":"","_kad_blocks_head_custom_js":"","_kad_blocks_body_custom_js":"","_kad_blocks_footer_custom_js":"","_kad_post_transparent":"default","_kad_post_title":"","_kad_post_layout":"default","_kad_post_sidebar_id":"","_kad_post_content_style":"default","_kad_post_vertical_padding":"default","_kad_post_feature":"","_kad_post_feature_position":"","_kad_post_header":false,"_kad_post_footer":false,"_kad_post_classname":""},"product_brand":[],"product_cat":[295],"product_tag":[],"class_list":{"0":"post-46823","1":"product","2":"type-product","3":"status-publish","4":"has-post-thumbnail","6":"product_cat-masky","7":"tm-no-options","9":"first","10":"onbackorder","11":"shipping-taxable","12":"purchasable","13":"product-type-simple","14":"entry","15":"content-bg","16":"loop-entry"},"taxonomy_info":{"product_cat":[{"value":295,"label":"Masky"}]},"featured_image_src_large":["https:\/\/wolfleather.art\/wp-content\/uploads\/2026\/04\/wolf-leather_HuMYUldN.webp",1024,1024,false],"author_info":[],"comment_info":0,"_links":{"self":[{"href":"https:\/\/wolfleather.art\/de\/wp-json\/wp\/v2\/product\/46823","targetHints":{"allow":["GET"]}}],"collection":[{"href":"https:\/\/wolfleather.art\/de\/wp-json\/wp\/v2\/product"}],"about":[{"href":"https:\/\/wolfleather.art\/de\/wp-json\/wp\/v2\/types\/product"}],"replies":[{"embeddable":true,"href":"https:\/\/wolfleather.art\/de\/wp-json\/wp\/v2\/comments?post=46823"}],"wp:featuredmedia":[{"embeddable":true,"href":"https:\/\/wolfleather.art\/de\/wp-json\/wp\/v2\/media\/46824"}],"wp:attachment":[{"href":"https:\/\/wolfleather.art\/de\/wp-json\/wp\/v2\/media?parent=46823"}],"wp:term":[{"taxonomy":"product_brand","embeddable":true,"href":"https:\/\/wolfleather.art\/de\/wp-json\/wp\/v2\/product_brand?post=46823"},{"taxonomy":"product_cat","embeddable":true,"href":"https:\/\/wolfleather.art\/de\/wp-json\/wp\/v2\/product_cat?post=46823"},{"taxonomy":"product_tag","embeddable":true,"href":"https:\/\/wolfleather.art\/de\/wp-json\/wp\/v2\/product_tag?post=46823"}],"curies":[{"name":"wp","href":"https:\/\/api.w.org\/{rel}","templated":true}]}}