{"id":46821,"date":"2026-04-05T14:37:41","date_gmt":"2026-04-05T12:37:41","guid":{"rendered":"https:\/\/wolfleather.art\/?post_type=product&#038;p=46821"},"modified":"2026-04-05T14:38:59","modified_gmt":"2026-04-05T12:38:59","slug":"kozena-maska-na-oci-6","status":"publish","type":"product","link":"https:\/\/wolfleather.art\/de\/produkt\/kozena-maska-na-oci-6\/","title":{"rendered":"Augenmaske aus Leder 6"},"content":{"rendered":"<div style=\"padding: 3.5em 2.5em 3em 4.5em; border-radius: 16px; margin-top: 0;\">\n<p style=\"font-size: 1.1em; line-height: 1.7; margin-bottom: 2.5em;\"><strong>Augenmaske aus Leder 6<\/strong> - eine markantere Variante mit weicheren Kurven und einer dekorativeren Form. Sie bedeckt die Augen in voller Breite, aber dank der gewellten oberen Linie und der ausgeschnittenen Seiten wirkt sie leichter, eleganter und eher wie ein stilvolles Accessoire.<\/p>\n<h3 style=\"color: #8b7355; border-bottom: 2px solid #8b7355; padding-bottom: 0.5em; margin-bottom: 2em;\">Feinere Linien, ausgepr\u00e4gtere Silhouette<\/h3>\n<p style=\"line-height: 1.7; margin-bottom: 2em;\">Die Maske deckt die Augen vollst\u00e4ndig ab, ihre Form ist jedoch dynamischer als bei rein schlichten Modellen. Der obere Rand steigt zu weichen Spitzen an, w\u00e4hrend der untere Teil an den Seiten sanft ausgeschnitten ist, was dem Ganzen einen leichten, stilisierten Look verleiht. Das 1,5-2 mm dicke Kalbsleder sorgt f\u00fcr Komfort, Geschmeidigkeit und eine angenehme Passform, w\u00e4hrend der elastische Sitz um den Kopf herum die Maske sicher an ihrem Platz h\u00e4lt.<\/p>\n<h3 style=\"color: #8b7355; border-bottom: 2px solid #8b7355; padding-bottom: 0.5em; margin-bottom: 2em;\">Technische Daten<\/h3>\n<ul style=\"font-size: 1.05em; line-height: 1.6; margin-bottom: 2em;\">\n<li style=\"margin-bottom: 0.8em;\"><strong>Material:<\/strong> Kalbshaut<\/li>\n<li style=\"margin-bottom: 0.8em;\"><strong>Die Dicke:<\/strong> 1,5-2 mm<\/li>\n<li style=\"margin-bottom: 0.8em;\"><strong>Beilage:<\/strong> Rund um den Kopf auf dem Gummi<\/li>\n<li style=\"margin-bottom: 0.8em;\"><strong>Art:<\/strong> Augenmaske<\/li>\n<\/ul>\n<\/div>","protected":false},"excerpt":{"rendered":"<p>Ko\u017een\u00e1 maska na o\u010di 6 \u2013 v\u00fdrazn\u011bj\u0161\u00ed varianta s m\u011bk\u010d\u00edmi k\u0159ivkami a dekorativn\u011bj\u0161\u00edm tvarem. Kryje o\u010di v pln\u00e9 \u0161\u00ed\u0159ce, ale d\u00edky zvln\u011bn\u00e9 horn\u00ed linii a vykrojen\u00fdm bok\u016fm p\u016fsob\u00ed leh\u010deji, elegantn\u011bji a v\u00edc jako stylov\u00fd dopln\u011bk. Jemn\u011bj\u0161\u00ed linie, v\u00fdrazn\u011bj\u0161\u00ed silueta Maska stoj\u00ed na pln\u00e9m zakryt\u00ed o\u010d\u00ed, ale jej\u00ed tvar je dynami\u010dt\u011bj\u0161\u00ed ne\u017e u \u010dist\u011b hladk\u00fdch model\u016f&#8230;.<\/p>","protected":false},"featured_media":46822,"comment_status":"closed","ping_status":"closed","template":"","meta":{"_kad_blocks_custom_css":"","_kad_blocks_head_custom_js":"","_kad_blocks_body_custom_js":"","_kad_blocks_footer_custom_js":"","_kad_post_transparent":"default","_kad_post_title":"","_kad_post_layout":"default","_kad_post_sidebar_id":"","_kad_post_content_style":"default","_kad_post_vertical_padding":"default","_kad_post_feature":"","_kad_post_feature_position":"","_kad_post_header":false,"_kad_post_footer":false,"_kad_post_classname":""},"product_brand":[],"product_cat":[295],"product_tag":[],"class_list":{"0":"post-46821","1":"product","2":"type-product","3":"status-publish","4":"has-post-thumbnail","6":"product_cat-masky","7":"tm-no-options","9":"first","10":"onbackorder","11":"shipping-taxable","12":"purchasable","13":"product-type-simple","14":"entry","15":"content-bg","16":"loop-entry"},"taxonomy_info":{"product_cat":[{"value":295,"label":"Masky"}]},"featured_image_src_large":["https:\/\/wolfleather.art\/wp-content\/uploads\/2026\/04\/wolf-leather_gJER43Ao.webp",1024,1024,false],"author_info":[],"comment_info":0,"_links":{"self":[{"href":"https:\/\/wolfleather.art\/de\/wp-json\/wp\/v2\/product\/46821","targetHints":{"allow":["GET"]}}],"collection":[{"href":"https:\/\/wolfleather.art\/de\/wp-json\/wp\/v2\/product"}],"about":[{"href":"https:\/\/wolfleather.art\/de\/wp-json\/wp\/v2\/types\/product"}],"replies":[{"embeddable":true,"href":"https:\/\/wolfleather.art\/de\/wp-json\/wp\/v2\/comments?post=46821"}],"wp:featuredmedia":[{"embeddable":true,"href":"https:\/\/wolfleather.art\/de\/wp-json\/wp\/v2\/media\/46822"}],"wp:attachment":[{"href":"https:\/\/wolfleather.art\/de\/wp-json\/wp\/v2\/media?parent=46821"}],"wp:term":[{"taxonomy":"product_brand","embeddable":true,"href":"https:\/\/wolfleather.art\/de\/wp-json\/wp\/v2\/product_brand?post=46821"},{"taxonomy":"product_cat","embeddable":true,"href":"https:\/\/wolfleather.art\/de\/wp-json\/wp\/v2\/product_cat?post=46821"},{"taxonomy":"product_tag","embeddable":true,"href":"https:\/\/wolfleather.art\/de\/wp-json\/wp\/v2\/product_tag?post=46821"}],"curies":[{"name":"wp","href":"https:\/\/api.w.org\/{rel}","templated":true}]}}