{"id":46817,"date":"2026-04-05T14:31:29","date_gmt":"2026-04-05T12:31:29","guid":{"rendered":"https:\/\/wolfleather.art\/?post_type=product&#038;p=46817"},"modified":"2026-04-05T14:37:03","modified_gmt":"2026-04-05T12:37:03","slug":"kozena-maska-na-oci-4","status":"publish","type":"product","link":"https:\/\/wolfleather.art\/de\/produkt\/kozena-maska-na-oci-4\/","title":{"rendered":"Leder-Augenmaske 4"},"content":{"rendered":"<div style=\"padding: 3.5em 2.5em 3em 4.5em; border-radius: 16px; margin-top: 0;\">\n<p style=\"font-size: 1.1em; line-height: 1.7; margin-bottom: 2.5em;\"><strong>Leder-Augenmaske 4<\/strong> - eine elegante Variante mit einer leicht erh\u00f6hten Linie, die sch\u00e4rfer und selbstbewusster wirkt. Die klare Form ohne unn\u00f6tige Details l\u00e4sst die Silhouette und die Qualit\u00e4t des Materials hervorstechen.<\/p>\n<h3 style=\"color: #8b7355; border-bottom: 2px solid #8b7355; padding-bottom: 0.5em; margin-bottom: 2em;\">Ausdruck in einer einfachen Zeile<\/h3>\n<p style=\"line-height: 1.7; margin-bottom: 2em;\">Die Maske bedeckt die Augen in voller Breite, und die Seiten der Maske reichen leicht bis zu den Schl\u00e4fen. Dadurch sieht sie raffinierter aus als die ganz schlichten Versionen, beh\u00e4lt aber dennoch ihren minimalistischen Charakter. Das 1,5-2 mm dicke Kalbsleder ist leicht, geschmeidig und angenehm zu tragen, w\u00e4hrend der elastische Sitz um den Kopf herum f\u00fcr einen bequemen und schnellen Sitz sorgt.<\/p>\n<h3 style=\"color: #8b7355; border-bottom: 2px solid #8b7355; padding-bottom: 0.5em; margin-bottom: 2em;\">Technische Daten<\/h3>\n<ul style=\"font-size: 1.05em; line-height: 1.6; margin-bottom: 2em;\">\n<li style=\"margin-bottom: 0.8em;\"><strong>Material:<\/strong> Kalbshaut<\/li>\n<li style=\"margin-bottom: 0.8em;\"><strong>Die Dicke:<\/strong> 1,5-2 mm<\/li>\n<li style=\"margin-bottom: 0.8em;\"><strong>Beilage:<\/strong> Rund um den Kopf auf dem Gummi<\/li>\n<li style=\"margin-bottom: 0.8em;\"><strong>Art:<\/strong> Augenmaske<\/li>\n<\/ul>\n<\/div>","protected":false},"excerpt":{"rendered":"<p>Ko\u017een\u00e1 maska na o\u010di 4 \u2013 elegantn\u00ed varianta s jemn\u011b zvednutou lini\u00ed, kter\u00e1 p\u016fsob\u00ed ost\u0159eji a sebev\u011bdom\u011bji. \u010cist\u00fd tvar bez zbyte\u010dn\u00fdch detail\u016f d\u00e1v\u00e1 vyniknout siluet\u011b a kvalit\u011b materi\u00e1lu. V\u00fdraz v jednoduch\u00e9 linii Maska zakr\u00fdv\u00e1 o\u010di v pln\u00e9 \u0161\u00ed\u0159ce a jej\u00ed bo\u010dn\u00ed \u010d\u00e1sti se lehce vytahuj\u00ed sm\u011brem ke sp\u00e1nk\u016fm. D\u00edky tomu p\u016fsob\u00ed rafinovan\u011bji ne\u017e zcela hladk\u00e9&#8230;<\/p>","protected":false},"featured_media":46818,"comment_status":"closed","ping_status":"closed","template":"","meta":{"_kad_blocks_custom_css":"","_kad_blocks_head_custom_js":"","_kad_blocks_body_custom_js":"","_kad_blocks_footer_custom_js":"","_kad_post_transparent":"default","_kad_post_title":"","_kad_post_layout":"default","_kad_post_sidebar_id":"","_kad_post_content_style":"default","_kad_post_vertical_padding":"default","_kad_post_feature":"","_kad_post_feature_position":"","_kad_post_header":false,"_kad_post_footer":false,"_kad_post_classname":""},"product_brand":[],"product_cat":[295],"product_tag":[],"class_list":{"0":"post-46817","1":"product","2":"type-product","3":"status-publish","4":"has-post-thumbnail","6":"product_cat-masky","7":"tm-no-options","9":"first","10":"onbackorder","11":"shipping-taxable","12":"purchasable","13":"product-type-simple","14":"entry","15":"content-bg","16":"loop-entry"},"taxonomy_info":{"product_cat":[{"value":295,"label":"Masky"}]},"featured_image_src_large":["https:\/\/wolfleather.art\/wp-content\/uploads\/2026\/04\/wolf-leather_zSwxHxkk.webp",1024,1024,false],"author_info":[],"comment_info":0,"_links":{"self":[{"href":"https:\/\/wolfleather.art\/de\/wp-json\/wp\/v2\/product\/46817","targetHints":{"allow":["GET"]}}],"collection":[{"href":"https:\/\/wolfleather.art\/de\/wp-json\/wp\/v2\/product"}],"about":[{"href":"https:\/\/wolfleather.art\/de\/wp-json\/wp\/v2\/types\/product"}],"replies":[{"embeddable":true,"href":"https:\/\/wolfleather.art\/de\/wp-json\/wp\/v2\/comments?post=46817"}],"wp:featuredmedia":[{"embeddable":true,"href":"https:\/\/wolfleather.art\/de\/wp-json\/wp\/v2\/media\/46818"}],"wp:attachment":[{"href":"https:\/\/wolfleather.art\/de\/wp-json\/wp\/v2\/media?parent=46817"}],"wp:term":[{"taxonomy":"product_brand","embeddable":true,"href":"https:\/\/wolfleather.art\/de\/wp-json\/wp\/v2\/product_brand?post=46817"},{"taxonomy":"product_cat","embeddable":true,"href":"https:\/\/wolfleather.art\/de\/wp-json\/wp\/v2\/product_cat?post=46817"},{"taxonomy":"product_tag","embeddable":true,"href":"https:\/\/wolfleather.art\/de\/wp-json\/wp\/v2\/product_tag?post=46817"}],"curies":[{"name":"wp","href":"https:\/\/api.w.org\/{rel}","templated":true}]}}